{"id":984,"date":"2025-08-13T16:41:06","date_gmt":"2025-08-13T14:41:06","guid":{"rendered":"https:\/\/www.actiphy.com\/de-de\/?page_id=984"},"modified":"2026-04-10T06:31:58","modified_gmt":"2026-04-10T04:31:58","slug":"geschichte","status":"publish","type":"page","link":"https:\/\/www.actiphy.com\/de-de\/firma\/geschichte\/","title":{"rendered":"Geschichte"},"content":{"rendered":"\n\n\n\n\n\n<div class=\"pd_y_small\">\r\n<div class=\"table_block table_sm_scroll\">\r\n\n\n<table class=\"wp-block-advgb-table advgb-table-frontend\"><tbody><tr><td style=\"border-bottom-color:#abb8c3;border-top-color:#abb8c3\" data-border-color=\"#abb8c3\">1996<\/td><td style=\"text-align:left;border-bottom-color:#abb8c3;border-top-color:#abb8c3\" data-border-color=\"#abb8c3\">Das Unternehmen wurde 1996 unter dem Namen NetJapan (Tsukasa-cho, Chiyoda-ku, Tokio) gegr\u00fcndet, <br>und bot Lokalisierungsdienste sowie den Vertrieb japanischer Versionen innovativer ausl\u00e4ndischer Produkte in Japan an.<\/td><\/tr><tr><td style=\"border-bottom-color:#abb8c3\" data-border-color=\"#abb8c3\">2008<\/td><td style=\"text-align:left;border-bottom-color:#abb8c3\" data-border-color=\"#abb8c3\">\u00c4nderte sein Gesch\u00e4ftsmodell vom Distributor zum Herausgeber eigener Software.<br>Begann 2008 mit der Entwicklung von ActiveImage Protector.<\/td><\/tr><tr><td style=\"border-bottom-color:#abb8c3\" data-border-color=\"#abb8c3\">2009<\/td><td style=\"text-align:left;border-bottom-color:#abb8c3\" data-border-color=\"#abb8c3\">Ver\u00f6ffentlichte ActiveImage Protector v2.5 und <br>ActiveImage Protector f\u00fcr Express 5800\/ft Server (f\u00fcr NEC Express5800\/ft Server).<\/td><\/tr><tr><td style=\"border-bottom-color:#abb8c3\" data-border-color=\"#abb8c3\">2010<\/td><td style=\"text-align:left;border-bottom-color:#abb8c3\" data-border-color=\"#abb8c3\">Startete die ActiveImage Protector Virtual Environment Lizenz. <br>Ver\u00f6ffentlichte \u201eActiveImage Protector for Hyper-V mit ReZoom\u201c. Ver\u00f6ffentlichte \u201ePowerX ActiveImage Protector Pro\u201c f\u00fcr den Heimanwendermarkt.<br>Ver\u00f6ffentlichte \u201ePowerX ActiveImage Protector Pro\u201c f\u00fcr den Heimanwendermarkt.<\/td><\/tr><tr><td style=\"border-bottom-color:#abb8c3\" data-border-color=\"#abb8c3\">2011<\/td><td style=\"text-align:left;border-bottom-color:#abb8c3\" data-border-color=\"#abb8c3\">Ver\u00f6ffentlichte \u201eActiveImage Protector f\u00fcr Express 5800\/ft Virtual\u201c und \u201eActiveImage Protector f\u00fcr CLUSTERPRO\u201c (f\u00fcr NEC-Produkte).<\/td><\/tr><tr><td style=\"border-bottom-color:#abb8c3\" data-border-color=\"#abb8c3\">2012<\/td><td style=\"text-align:left;border-bottom-color:#abb8c3\" data-border-color=\"#abb8c3\">Ver\u00f6ffentlichte ActiveImage Protector 3.5 mit der innovativen Inline-Deduplizierungs-Komprimierung (IDDC).<\/td><\/tr><tr><td style=\"border-bottom-color:#abb8c3\" data-border-color=\"#abb8c3\">2014<\/td><td style=\"text-align:left;border-bottom-color:#abb8c3\" data-border-color=\"#abb8c3\">Ver\u00f6ffentlichte ActiveImage Protector 4.0 Linux Edition f\u00fcr Linux-Server.<\/td><\/tr><tr><td style=\"border-bottom-color:#abb8c3\" data-border-color=\"#abb8c3\">2015<\/td><td style=\"text-align:left;border-bottom-color:#abb8c3\" data-border-color=\"#abb8c3\">Ver\u00f6ffentlichte \u201evStandby\u201c, eine virtuelle Hochverf\u00fcgbarkeitsl\u00f6sung, die den Wiederherstellungsprozess umgeht,  <br>\u201eImageBoot\u201c, erm\u00f6glicht das sofortige Starten einer virtuellen Maschine aus jedem ActiveImage Protector-Sicherungsimage, \u201eImageCenter LE\u201c, ein Image-Management-Tool,<br>und \u201evStandby AIP\u201c, eine sofortige Notfallwiederherstellungsl\u00f6sung.<\/td><\/tr><tr><td style=\"border-bottom-color:#abb8c3\" data-border-color=\"#abb8c3\">2016<\/td><td style=\"text-align:left;border-bottom-color:#abb8c3\" data-border-color=\"#abb8c3\">Ver\u00f6ffentlichte \u201eActiveImage Protector 2016\u201c f\u00fcr Unternehmen und<br> \u201eActiveImage Protector 4\u201c f\u00fcr den Heimanwendermarkt.<\/td><\/tr><tr><td style=\"border-bottom-color:#abb8c3\" data-border-color=\"#abb8c3\">2017<\/td><td style=\"text-align:left;border-bottom-color:#abb8c3\" data-border-color=\"#abb8c3\">Ver\u00f6ffentlichte \u201eActiveImage Protector 2018\u201c f\u00fcr Unternehmen,<br>2017\nVer\u00f6ffentlichte \u201eActiveImage Protector 2018\u201c. Ver\u00f6ffentlichte \u201eActiveImage Protector 5\u201c f\u00fcr den Heimanwendermarkt.<\/td><\/tr><tr><td style=\"border-bottom-color:#abb8c3\" data-border-color=\"#abb8c3\">2018<\/td><td style=\"text-align:left;border-bottom-color:#abb8c3\" data-border-color=\"#abb8c3\">Ver\u00f6ffentlichte \u201eActiveImage Deploy USB\u201c, eine Bereitstellungsl\u00f6sung. <br>Ver\u00f6ffentlichte ActiveVisor, eine zentrale Verwaltungsoberfl\u00e4che f\u00fcr ActiveImage Protector.<\/td><\/tr><tr><td style=\"border-bottom-color:#abb8c3\" data-border-color=\"#abb8c3\">2019<\/td><td style=\"text-align:left;border-bottom-color:#abb8c3\" data-border-color=\"#abb8c3\">Ver\u00f6ffentlichte \u201eActiveImage Protector 2018 Update\u201c mit \u201eHyperAgent\u201c, einer agentenlosen Backup-Funktion. <br>Ver\u00f6ffentlichte \u201eActiveImage Protector f\u00fcr RDX\u201c f\u00fcr Tandberg Data.<\/td><\/tr><tr><td style=\"border-bottom-color:#abb8c3\" data-border-color=\"#abb8c3\">2020<\/td><td style=\"text-align:left;border-bottom-color:#abb8c3\" data-border-color=\"#abb8c3\">Ver\u00f6ffentlichte \u201eHyperBoot\u201c, eine L\u00f6sung zum Starten von ActiveImage Protector\u2122-Sicherungsdateien als virtuelle Maschinen als Zwischenl\u00f6sung zwischen Ausfall und Wiederherstellung.<\/td><\/tr><tr><td style=\"border-bottom-color:#abb8c3; white-space:pre\" data-border-color=\"#abb8c3\">2020<br>July 1<\/td><td style=\"text-align:left;border-bottom-color:#abb8c3\" data-border-color=\"#abb8c3\"><strong>\u00c4nderte den Firmennamen von NetJapan Inc. zu Actiphy Inc.<\/strong><\/td><\/tr><tr><td style=\"border-bottom-color:#abb8c3; white-space:pre\" data-border-color=\"#abb8c3\">2021<br>Nov.<br><\/td><td style=\"text-align:left;border-bottom-color:#abb8c3\" data-border-color=\"#abb8c3\">Ver\u00f6ffentlichte ActiveImage Protector 2022<\/td><\/tr><tr><td style=\"border-bottom-color:#abb8c3; white-space:pre\" data-border-color=\"#abb8c3\">2023<\/td><td style=\"text-align:left;border-bottom-color:#abb8c3\" data-border-color=\"#abb8c3\">In Zusammenarbeit mit Stratus wurde \u201eActiveImage Protector f\u00fcr Stratus\u201c ver\u00f6ffentlicht.<br>Ver\u00f6ffentlichte \u201eActiveImage Protector 2022 Update 2\u201c.<\/td><\/tr><tr><td style=\"border-bottom-color:#abb8c3; white-space:pre\" data-border-color=\"#abb8c3\">2024<\/td><td style=\"text-align:left;border-bottom-color:#abb8c3\" data-border-color=\"#abb8c3\">Ver\u00f6ffentlichte \u201eActiphy Rapid Deploy\u201c, eine L\u00f6sung zur gleichzeitigen Bereitstellung eines Quellimages auf mehreren Client-PCs \u00fcber ein Netzwerk.<\/td><\/tr><tr><td style=\"border-bottom-color:#abb8c3; white-space:pre\" data-border-color=\"#abb8c3\">2025<\/td><td style=\"text-align:left;border-bottom-color:#abb8c3\" data-border-color=\"#abb8c3\">\u201eActiphy ImageCenter\u201c ver\u00f6ffentlicht, das dedizierten Backup-Speicher f\u00fcr ActiveImage Protector mit Image-Management-Funktionalit\u00e4t integriert.\nUnterst\u00fctzung f\u00fcr die Linux-KVM-Virtualisierungstechnologie.<\/td><\/tr><tr><td style=\"border-bottom-color:#abb8c3; white-space:pre\" data-border-color=\"#abb8c3\">2026<\/td><td style=\"text-align:left;border-bottom-color:#abb8c3\" data-border-color=\"#abb8c3\"> ActiveImage Protector mit Unterst\u00fctzung f\u00fcr die Open-Source-Virtualisierungsplattform Proxmox ver\u00f6ffentlicht.<\/td><\/tr><tr><td style=\"border-bottom-color:#abb8c3; white-space:pre\" data-border-color=\"#abb8c3\">2026<br>April<\/td><td style=\"text-align:left;border-bottom-color:#abb8c3\" data-border-color=\"#abb8c3\"><strong>30-j\u00e4hriges Jubil\u00e4um der Unternehmensgr\u00fcndung.<\/strong><\/td><\/tr><\/tbody><\/table>\n\n\r\n<\/div>\r\n<\/div>\r\n\n\n\n<p><\/p>\n","protected":false},"excerpt":{"rendered":"","protected":false},"author":19,"featured_media":0,"parent":66,"menu_order":0,"comment_status":"closed","ping_status":"closed","template":"template-tab.php","meta":{"advgb_blocks_editor_width":"","advgb_blocks_columns_visual_guide":"","nj_multilang_slug":"","nj_multilang_old_url":[],"footnotes":""},"class_list":["post-984","page","type-page","status-publish","hentry"],"yoast_head":"<!-- This site is optimized with the Yoast SEO plugin v27.1.1 - https:\/\/yoast.com\/product\/yoast-seo-wordpress\/ -->\n<title>Geschichte - Actiphy Backup &amp; DR | DACH<\/title>\n<meta name=\"robots\" content=\"index, follow, max-snippet:-1, max-image-preview:large, max-video-preview:-1\" \/>\n<link rel=\"canonical\" href=\"https:\/\/www.actiphy.com\/de-de\/firma\/geschichte\/\" \/>\n<meta property=\"og:locale\" content=\"de_DE\" \/>\n<meta property=\"og:type\" content=\"article\" \/>\n<meta property=\"og:title\" content=\"Geschichte - Actiphy Backup &amp; DR | DACH\" \/>\n<meta property=\"og:url\" content=\"https:\/\/www.actiphy.com\/de-de\/firma\/geschichte\/\" \/>\n<meta property=\"og:site_name\" content=\"Actiphy Backup &amp; DR | DACH\" \/>\n<meta property=\"article:modified_time\" content=\"2026-04-10T04:31:58+00:00\" \/>\n<meta property=\"og:image\" content=\"https:\/\/www.actiphy.com\/de-de\/wp-content\/uploads\/sites\/7\/2026\/03\/ogp_image_h.jpg\" \/>\n\t<meta property=\"og:image:width\" content=\"1200\" \/>\n\t<meta property=\"og:image:height\" content=\"630\" \/>\n\t<meta property=\"og:image:type\" content=\"image\/jpeg\" \/>\n<meta name=\"twitter:card\" content=\"summary_large_image\" \/>\n<meta name=\"twitter:label1\" content=\"Gesch\u00e4tzte Lesezeit\" \/>\n\t<meta name=\"twitter:data1\" content=\"2\u00a0Minuten\" \/>\n<script type=\"application\/ld+json\" class=\"yoast-schema-graph\">{\"@context\":\"https:\/\/schema.org\",\"@graph\":[{\"@type\":\"WebPage\",\"@id\":\"https:\/\/www.actiphy.com\/de-de\/firma\/geschichte\/\",\"url\":\"https:\/\/www.actiphy.com\/de-de\/firma\/geschichte\/\",\"name\":\"Geschichte - Actiphy Backup &amp; DR | DACH\",\"isPartOf\":{\"@id\":\"https:\/\/www.actiphy.com\/de-de\/#website\"},\"datePublished\":\"2025-08-13T14:41:06+00:00\",\"dateModified\":\"2026-04-10T04:31:58+00:00\",\"breadcrumb\":{\"@id\":\"https:\/\/www.actiphy.com\/de-de\/firma\/geschichte\/#breadcrumb\"},\"inLanguage\":\"de\",\"potentialAction\":[{\"@type\":\"ReadAction\",\"target\":[\"https:\/\/www.actiphy.com\/de-de\/firma\/geschichte\/\"]}]},{\"@type\":\"BreadcrumbList\",\"@id\":\"https:\/\/www.actiphy.com\/de-de\/firma\/geschichte\/#breadcrumb\",\"itemListElement\":[{\"@type\":\"ListItem\",\"position\":1,\"name\":\"Home\",\"item\":\"https:\/\/www.actiphy.com\/de-de\/\"},{\"@type\":\"ListItem\",\"position\":2,\"name\":\"\u00dcber uns\",\"item\":\"https:\/\/www.actiphy.com\/de-de\/firma\/\"},{\"@type\":\"ListItem\",\"position\":3,\"name\":\"Geschichte\"}]},{\"@type\":\"WebSite\",\"@id\":\"https:\/\/www.actiphy.com\/de-de\/#website\",\"url\":\"https:\/\/www.actiphy.com\/de-de\/\",\"name\":\"Actiphy Backup &amp; DR | DACH\",\"description\":\"Sind auch Sie DisasterReady und stellen Sie physische und virtuelle Maschinen in 5 Minuten wieder her\",\"potentialAction\":[{\"@type\":\"SearchAction\",\"target\":{\"@type\":\"EntryPoint\",\"urlTemplate\":\"https:\/\/www.actiphy.com\/de-de\/?s={search_term_string}\"},\"query-input\":{\"@type\":\"PropertyValueSpecification\",\"valueRequired\":true,\"valueName\":\"search_term_string\"}}],\"inLanguage\":\"de\"}]}<\/script>\n<!-- \/ Yoast SEO plugin. -->","yoast_head_json":{"title":"Geschichte - Actiphy Backup &amp; DR | DACH","robots":{"index":"index","follow":"follow","max-snippet":"max-snippet:-1","max-image-preview":"max-image-preview:large","max-video-preview":"max-video-preview:-1"},"canonical":"https:\/\/www.actiphy.com\/de-de\/firma\/geschichte\/","og_locale":"de_DE","og_type":"article","og_title":"Geschichte - Actiphy Backup &amp; DR | DACH","og_url":"https:\/\/www.actiphy.com\/de-de\/firma\/geschichte\/","og_site_name":"Actiphy Backup &amp; DR | DACH","article_modified_time":"2026-04-10T04:31:58+00:00","og_image":[{"width":1200,"height":630,"url":"https:\/\/www.actiphy.com\/de-de\/wp-content\/uploads\/sites\/7\/2026\/03\/ogp_image_h.jpg","type":"image\/jpeg"}],"twitter_card":"summary_large_image","twitter_misc":{"Gesch\u00e4tzte Lesezeit":"2\u00a0Minuten"},"schema":{"@context":"https:\/\/schema.org","@graph":[{"@type":"WebPage","@id":"https:\/\/www.actiphy.com\/de-de\/firma\/geschichte\/","url":"https:\/\/www.actiphy.com\/de-de\/firma\/geschichte\/","name":"Geschichte - Actiphy Backup &amp; DR | DACH","isPartOf":{"@id":"https:\/\/www.actiphy.com\/de-de\/#website"},"datePublished":"2025-08-13T14:41:06+00:00","dateModified":"2026-04-10T04:31:58+00:00","breadcrumb":{"@id":"https:\/\/www.actiphy.com\/de-de\/firma\/geschichte\/#breadcrumb"},"inLanguage":"de","potentialAction":[{"@type":"ReadAction","target":["https:\/\/www.actiphy.com\/de-de\/firma\/geschichte\/"]}]},{"@type":"BreadcrumbList","@id":"https:\/\/www.actiphy.com\/de-de\/firma\/geschichte\/#breadcrumb","itemListElement":[{"@type":"ListItem","position":1,"name":"Home","item":"https:\/\/www.actiphy.com\/de-de\/"},{"@type":"ListItem","position":2,"name":"\u00dcber uns","item":"https:\/\/www.actiphy.com\/de-de\/firma\/"},{"@type":"ListItem","position":3,"name":"Geschichte"}]},{"@type":"WebSite","@id":"https:\/\/www.actiphy.com\/de-de\/#website","url":"https:\/\/www.actiphy.com\/de-de\/","name":"Actiphy Backup &amp; DR | DACH","description":"Sind auch Sie DisasterReady und stellen Sie physische und virtuelle Maschinen in 5 Minuten wieder her","potentialAction":[{"@type":"SearchAction","target":{"@type":"EntryPoint","urlTemplate":"https:\/\/www.actiphy.com\/de-de\/?s={search_term_string}"},"query-input":{"@type":"PropertyValueSpecification","valueRequired":true,"valueName":"search_term_string"}}],"inLanguage":"de"}]}},"coauthors":[],"author_meta":{"author_link":"https:\/\/www.actiphy.com\/de-de\/author\/ccathala\/","display_name":"ccathala"},"relative_dates":{"created":"Posted 8\u00a0Monaten ago","modified":"Updated 6\u00a0Tagen ago"},"absolute_dates":{"created":"Posted on 13\/08\/2025","modified":"Updated on 10\/04\/2026"},"absolute_dates_time":{"created":"Posted on 13\/08\/2025 16:41","modified":"Updated on 10\/04\/2026 06:31"},"featured_img_caption":"","featured_img":false,"series_order":"","_links":{"self":[{"href":"https:\/\/www.actiphy.com\/de-de\/wp-json\/wp\/v2\/pages\/984","targetHints":{"allow":["GET"]}}],"collection":[{"href":"https:\/\/www.actiphy.com\/de-de\/wp-json\/wp\/v2\/pages"}],"about":[{"href":"https:\/\/www.actiphy.com\/de-de\/wp-json\/wp\/v2\/types\/page"}],"author":[{"embeddable":true,"href":"https:\/\/www.actiphy.com\/de-de\/wp-json\/wp\/v2\/users\/19"}],"replies":[{"embeddable":true,"href":"https:\/\/www.actiphy.com\/de-de\/wp-json\/wp\/v2\/comments?post=984"}],"version-history":[{"count":3,"href":"https:\/\/www.actiphy.com\/de-de\/wp-json\/wp\/v2\/pages\/984\/revisions"}],"predecessor-version":[{"id":2079,"href":"https:\/\/www.actiphy.com\/de-de\/wp-json\/wp\/v2\/pages\/984\/revisions\/2079"}],"up":[{"embeddable":true,"href":"https:\/\/www.actiphy.com\/de-de\/wp-json\/wp\/v2\/pages\/66"}],"wp:attachment":[{"href":"https:\/\/www.actiphy.com\/de-de\/wp-json\/wp\/v2\/media?parent=984"}],"curies":[{"name":"wp","href":"https:\/\/api.w.org\/{rel}","templated":true}]}}