{"id":75,"date":"2020-06-17T17:08:30","date_gmt":"2020-06-17T17:08:30","guid":{"rendered":"https:\/\/www.actiphy.com\/de-de\/support\/support-lifecycle-policy\/"},"modified":"2025-10-29T17:11:22","modified_gmt":"2025-10-29T16:11:22","slug":"lebenszyklus","status":"publish","type":"page","link":"https:\/\/www.actiphy.com\/de-de\/support\/lebenszyklus\/","title":{"rendered":"Support-Lebenszyklus-Richtlinie"},"content":{"rendered":"\n\n\n\n\n<p><\/p>\n\n\n\n<div class=\"wp-block-group advgb-dyn-f2a6aa86\"><div class=\"wp-block-group__inner-container is-layout-flow wp-block-group-is-layout-flow\">\n<div class=\"pd_y_mini\"><\/div>\n<h2 class=\"theme_heading small\">Support-Lebenszyklus-Richtlinie<\/h2>\n<ul class=\"list_dot dot_top\">\n  <li>Standard-Support\uff1a<br>\n    Wir bieten Support f\u00fcr Kunden mit g\u00fcltigem Wartungsvertrag, basierend auf Log-Analysen, fr\u00fcheren F\u00e4llen und unserer Wissensdatenbank.<br> Der Support umfasst Hilfe bei der Problembehebung, Bereitstellung von Patches und Aktualisierungen der Produkte, sofern erforderlich.<\/li>\n  <li>Eingeschr\u00e4nkter Support\uff1a<br>\n    Wir bieten Support f\u00fcr Kunden mit g\u00fcltigem Wartungsvertrag, basierend auf fr\u00fcheren F\u00e4llen und unserer Wissensdatenbank.<br> \nDer Support umfasst die Bereitstellung fr\u00fcherer Patches sowie Unterst\u00fctzung bei der Aktualisierung auf die neueste Version, sofern erforderlich.<\/li>\n  <li>Support-Ende\uff1a<br>\n    Der technische Support wird eingestellt. Bitte aktualisieren Sie auf die neueste Produktversion.<\/li>\n<\/ul>\n<div class=\"pd_y_mini\"><\/div>\n<p>Bez\u00fcglich kostenloser Tools wie ImageCenter LE und ImageBoot\/HyperBoot stellen wir sicher, dass stets die neueste Build-Version bereitgestellt wird.<br> \nBei Problemen in der Kundenumgebung analysieren wir die Protokolle, beheben etwaige Fehler, stellen die \u00fcberarbeitete Version zur Verf\u00fcgung und gew\u00e4hrleisten eine angemessene Unterst\u00fctzung f\u00fcr unsere Kunden.<\/p>\n<div class=\"table_block\">\n  <h3 class=\"table_block_title\">ActiveImage Protector<\/h3>\n  <div class=\"table_sm_scroll\">\n    <div class=\"table_sm_fluid\">\n      <table class=\"table_border table_th18\">\n        <thead>\n          <tr>\n            <th class=\"text-left\">Produkt\uff08Edition\uff09<\/th>\n            <th>2022<\/th>\n            <th>2018 Update<\/th>\n            <th>2018<\/th>\n            <th>Anmerkungen<\/th>\n          <\/tr>\n        <\/thead>\n        <tbody>\n          <tr>\n            <td>Server<\/td>\n            <td><span class=\"sign_circle\"><\/span><\/td>\n            <td><span class=\"sign_circle\"><\/span><\/td>\n            <td><span class=\"sign_triangle\"><\/span><\/td>\n            <td><\/td>\n          <\/tr>\n          <tr>\n            <td>Desktop<\/td>\n            <td><span class=\"sign_circle\"><\/span><\/td>\n            <td><span class=\"sign_circle\"><\/span><\/td>\n            <td><span class=\"sign_triangle\"><\/span><\/td>\n            <td><\/td>\n          <\/tr>\n          <tr>\n            <td>Linux<\/td>\n            <td><span class=\"sign_circle\"><\/span><\/td>\n            <td><span class=\"sign_circle\"><\/span><\/td>\n            <td><span class=\"sign_triangle\"><\/span><\/td>\n            <td><\/td>\n          <\/tr>\n          <tr>\n            <td>Virtual<\/td>\n            <td><span class=\"sign_circle\"><\/span><\/td>\n            <td><span class=\"sign_circle\"><\/span><\/td>\n            <td><span class=\"sign_triangle\"><\/span><\/td>\n            <td><\/td>\n          <\/tr>\n          <tr>\n            <td>Server vPack<\/td>\n            <td><span class=\"sign_circle\"><\/span><\/td>\n            <td><span class=\"sign_empty\"><\/span><\/td>\n            <td><span class=\"sign_empty\"><\/span><\/td>\n            <td><\/td>\n          <\/tr>\n          <tr>\n            <td>for Hyper-V Enterprise<\/td>\n            <td><span class=\"sign_empty\"><\/span><\/td>\n            <td><span class=\"sign_empty\"><\/span><\/td>\n            <td><span class=\"sign_triangle\"><\/span><\/td>\n            <td><\/td>\n          <\/tr>\n          <tr>\n            <td>IT Pro<\/td>\n            <td><span class=\"sign_circle\"><\/span><\/td>\n            <td><span class=\"sign_circle\"><\/span><\/td>\n            <td><span class=\"sign_triangle\"><\/span><\/td>\n            <td><\/td>\n          <\/tr>\n          <tr>\n            <td>HyperAgent Enterprise<\/td>\n            <td><span class=\"sign_circle\"><\/span><\/td>\n            <td><span class=\"sign_circle\"><\/span><\/td>\n            <td><span class=\"sign_triangle\"><\/span><\/td>\n            <td><\/td>\n          <\/tr>\n          <tr>\n            <td>Server Windows SBS<\/td>\n            <td><span class=\"sign_circle\"><\/span><\/td>\n            <td><span class=\"sign_circle\"><\/span><\/td>\n            <td><span class=\"sign_triangle\"><\/span><\/td>\n            <td><\/td>\n          <\/tr>\n          <tr>\n            <td>Server for RDX<\/td>\n            <td><span class=\"sign_empty\"><\/span><\/td>\n            <td><span class=\"sign_circle\"><\/span><\/td>\n            <td><span class=\"sign_triangle\"><\/span><\/td>\n            <td><\/td>\n          <\/tr>\n          <tr>\n            <td>Linux for RDX<\/td>\n            <td><span class=\"sign_empty\"><\/span><\/td>\n            <td><span class=\"sign_circle\"><\/span><\/td>\n            <td><span class=\"sign_triangle\"><\/span><\/td>\n            <td><\/td>\n          <\/tr>\n        <\/tbody>\n      <\/table>\n    <\/div>\n  <\/div>\n<\/div>\n<div class=\"table_block\">\n  <div class=\"table_sm_scroll\">\n    <div class=\"table_sm_fluid\">\n      <table class=\"table_border table_th18\">\n        <thead>\n          <tr>\n            <th class=\"text-left\">Produkt<\/th>\n            <th>2022<\/th>\n            <th>2018 Update<\/th>\n            <th>2018<\/th>\n            <th>Anmerkungen<\/th>\n          <\/tr>\n        <\/thead>\n        <tbody>\n          <tr>\n            <td>vStandby AIP<\/td>\n            <td><span class=\"sign_empty\"><\/span><\/td>\n            <td><span class=\"sign_circle\"><\/span><\/td>\n            <td><span class=\"sign_triangle\"><\/span><\/td>\n            <td><\/td>\n          <\/tr>\n        <\/tbody>\n      <\/table><br>\n      <p>*Sie k\u00f6nnen vStandby AIP mit ActiveImage Protector 2018 Update\/2018 verwenden.<br> \nBitte verwenden Sie \u201eHyperStandby\u201c mit ActiveImage Protector 2022.<\/p>\n    <\/div>\n  <\/div>\n<\/div>\n<div class=\"table_block\">\n  <h3 class=\"table_block_title\">Supportende<\/h3>\n  <div class=\"table_sm_scroll\">\n    <div class=\"table_sm_fluid\">\n      <table class=\"table_border table_th18\">\n        <thead>\n          <tr>\n            <th class=\"text-left\">Produkt<\/th>\n            <th>Support-Enddatum<\/th>\n          <\/tr>\n        <\/thead>\n        <tbody>\n\t\t  <tr>\n            <td>ActiveImage Protector 2016\/2016R2 (alle Editionen)<\/td>\n            <td>2022\/04\/30<\/td>\n          <\/tr>\n          <tr>\n            <td>ActiveImage Protector 3.5 (alle Editionen)<\/td>\n            <td>2019\/09\/30<\/td>\n          <\/tr>\n          <tr>\n            <td>ActiveImage Protector 3.1 (alle Editionen)<\/td>\n            <td>2017\/11\/1<\/td>\n          <\/tr>\n          <tr>\n            <td>ActiveImage Protector 4.5 Linux<\/td>\n            <td>2017\/11\/1<\/td>\n          <\/tr>\n        <\/tbody>\n      <\/table>\n    <\/div>\n  <\/div>\n<\/div>\n<div class=\"table_block\">\n  <h3 class=\"table_block_title\">Verbraucherprodukte<\/h3>\n  <div class=\"table_sm_scroll\">\n    <div class=\"table_sm_fluid\">\n      <table class=\"table_border table_th18\">\n        <thead>\n          <tr>\n            <th class=\"text-left\">Produkt<\/th>\n            <th>Ver\u00f6ffentlichungsdatum\u2003<\/th>\n            <th>Support-Enddatum<\/th>\n          <\/tr>\n        <\/thead>\n        <tbody>\n          <tr>\n            <td>ActiveImage Protector 5<\/td>\n            <td>2017\/11\/15<\/td>\n            <td>2020\/12\/25<\/td>\n          <\/tr>\n          <tr>\n            <td>ActiveImage Protector 4<\/td>\n            <td>2016\/3\/17<\/td>\n            <td>2018\/3\/15<\/td>\n          <\/tr>\n          <tr>\n            <td>PowerX ActiveImage Protector 3.5 Pro<\/td>\n            <td>2013\/1\/10<\/td>\n            <td>2016\/7\/17<\/td>\n          <\/tr>\n        <\/tbody>\n      <\/table>\n     <p>Supportinformationen<\/a><br>\n        *Supportzeitraum f\u00fcr \u00e4ltere Versionen<br>\n      Der Support f\u00fcr \u00e4ltere Versionen wird bis zu 120 Tage nach Ver\u00f6ffentlichung einer neuen Version oder bis zu 180 Tage nach Einstellung oder Integration des Produkts in ein anderes Produkt gew\u00e4hrt \u2013 je nachdem, welcher Zeitraum zuerst endet.<\/p>\n    <\/div>\n  <\/div>\n<\/div>\n<\/div><\/div>\n\n\n\n<p><\/p>\n","protected":false},"excerpt":{"rendered":"<p>Support-Lebenszyklus-Richtlinie Standard-Support\uff1a Wir bieten Support f\u00fcr Kunden mit g\u00fcltigem Wartungsvertrag, basierend auf Log-Analysen, fr\u00fcheren F\u00e4llen und unserer Wissensdatenbank. Der Support umfasst Hilfe bei der Problembehebung, Bereitstellung von Patches und Aktualisierungen der Produkte, sofern erforderlich. Eingeschr\u00e4nkter Support\uff1a Wir bieten Support f\u00fcr Kunden mit g\u00fcltigem Wartungsvertrag, basierend auf fr\u00fcheren F\u00e4llen und unserer Wissensdatenbank. Der Support umfasst die [&hellip;]<\/p>\n","protected":false},"author":1,"featured_media":0,"parent":71,"menu_order":0,"comment_status":"closed","ping_status":"closed","template":"template-product-detail.php","meta":{"advgb_blocks_editor_width":"","advgb_blocks_columns_visual_guide":"","nj_multilang_slug":"support","nj_multilang_old_url":[],"footnotes":""},"class_list":["post-75","page","type-page","status-publish","hentry"],"yoast_head":"<!-- This site is optimized with the Yoast SEO plugin v27.1.1 - https:\/\/yoast.com\/product\/yoast-seo-wordpress\/ -->\n<title>Support-Lebenszyklus-Richtlinie - Actiphy Backup &amp; DR | DACH<\/title>\n<meta name=\"robots\" content=\"index, follow, max-snippet:-1, max-image-preview:large, max-video-preview:-1\" \/>\n<link rel=\"canonical\" href=\"https:\/\/www.actiphy.com\/de-de\/support\/lebenszyklus\/\" \/>\n<meta property=\"og:locale\" content=\"de_DE\" \/>\n<meta property=\"og:type\" content=\"article\" \/>\n<meta property=\"og:title\" content=\"Support-Lebenszyklus-Richtlinie - Actiphy Backup &amp; DR | DACH\" \/>\n<meta property=\"og:description\" content=\"Support-Lebenszyklus-Richtlinie Standard-Support\uff1a Wir bieten Support f\u00fcr Kunden mit g\u00fcltigem Wartungsvertrag, basierend auf Log-Analysen, fr\u00fcheren F\u00e4llen und unserer Wissensdatenbank. Der Support umfasst Hilfe bei der Problembehebung, Bereitstellung von Patches und Aktualisierungen der Produkte, sofern erforderlich. Eingeschr\u00e4nkter Support\uff1a Wir bieten Support f\u00fcr Kunden mit g\u00fcltigem Wartungsvertrag, basierend auf fr\u00fcheren F\u00e4llen und unserer Wissensdatenbank. Der Support umfasst die [&hellip;]\" \/>\n<meta property=\"og:url\" content=\"https:\/\/www.actiphy.com\/de-de\/support\/lebenszyklus\/\" \/>\n<meta property=\"og:site_name\" content=\"Actiphy Backup &amp; DR | DACH\" \/>\n<meta property=\"article:modified_time\" content=\"2025-10-29T16:11:22+00:00\" \/>\n<meta property=\"og:image\" content=\"https:\/\/www.actiphy.com\/de-de\/wp-content\/uploads\/sites\/7\/2026\/03\/ogp_image_h.jpg\" \/>\n\t<meta property=\"og:image:width\" content=\"1200\" \/>\n\t<meta property=\"og:image:height\" content=\"630\" \/>\n\t<meta property=\"og:image:type\" content=\"image\/jpeg\" \/>\n<meta name=\"twitter:card\" content=\"summary_large_image\" \/>\n<meta name=\"twitter:label1\" content=\"Gesch\u00e4tzte Lesezeit\" \/>\n\t<meta name=\"twitter:data1\" content=\"2\u00a0Minuten\" \/>\n<script type=\"application\/ld+json\" class=\"yoast-schema-graph\">{\"@context\":\"https:\/\/schema.org\",\"@graph\":[{\"@type\":\"WebPage\",\"@id\":\"https:\/\/www.actiphy.com\/de-de\/support\/lebenszyklus\/\",\"url\":\"https:\/\/www.actiphy.com\/de-de\/support\/lebenszyklus\/\",\"name\":\"Support-Lebenszyklus-Richtlinie - Actiphy Backup &amp; DR | DACH\",\"isPartOf\":{\"@id\":\"https:\/\/www.actiphy.com\/de-de\/#website\"},\"datePublished\":\"2020-06-17T17:08:30+00:00\",\"dateModified\":\"2025-10-29T16:11:22+00:00\",\"breadcrumb\":{\"@id\":\"https:\/\/www.actiphy.com\/de-de\/support\/lebenszyklus\/#breadcrumb\"},\"inLanguage\":\"de\",\"potentialAction\":[{\"@type\":\"ReadAction\",\"target\":[\"https:\/\/www.actiphy.com\/de-de\/support\/lebenszyklus\/\"]}]},{\"@type\":\"BreadcrumbList\",\"@id\":\"https:\/\/www.actiphy.com\/de-de\/support\/lebenszyklus\/#breadcrumb\",\"itemListElement\":[{\"@type\":\"ListItem\",\"position\":1,\"name\":\"Home\",\"item\":\"https:\/\/www.actiphy.com\/de-de\/\"},{\"@type\":\"ListItem\",\"position\":2,\"name\":\"Support\",\"item\":\"https:\/\/www.actiphy.com\/de-de\/support\/\"},{\"@type\":\"ListItem\",\"position\":3,\"name\":\"Support-Lebenszyklus-Richtlinie\"}]},{\"@type\":\"WebSite\",\"@id\":\"https:\/\/www.actiphy.com\/de-de\/#website\",\"url\":\"https:\/\/www.actiphy.com\/de-de\/\",\"name\":\"Actiphy Backup &amp; DR | DACH\",\"description\":\"Sind auch Sie DisasterReady und stellen Sie physische und virtuelle Maschinen in 5 Minuten wieder her\",\"potentialAction\":[{\"@type\":\"SearchAction\",\"target\":{\"@type\":\"EntryPoint\",\"urlTemplate\":\"https:\/\/www.actiphy.com\/de-de\/?s={search_term_string}\"},\"query-input\":{\"@type\":\"PropertyValueSpecification\",\"valueRequired\":true,\"valueName\":\"search_term_string\"}}],\"inLanguage\":\"de\"}]}<\/script>\n<!-- \/ Yoast SEO plugin. -->","yoast_head_json":{"title":"Support-Lebenszyklus-Richtlinie - Actiphy Backup &amp; DR | DACH","robots":{"index":"index","follow":"follow","max-snippet":"max-snippet:-1","max-image-preview":"max-image-preview:large","max-video-preview":"max-video-preview:-1"},"canonical":"https:\/\/www.actiphy.com\/de-de\/support\/lebenszyklus\/","og_locale":"de_DE","og_type":"article","og_title":"Support-Lebenszyklus-Richtlinie - Actiphy Backup &amp; DR | DACH","og_description":"Support-Lebenszyklus-Richtlinie Standard-Support\uff1a Wir bieten Support f\u00fcr Kunden mit g\u00fcltigem Wartungsvertrag, basierend auf Log-Analysen, fr\u00fcheren F\u00e4llen und unserer Wissensdatenbank. Der Support umfasst Hilfe bei der Problembehebung, Bereitstellung von Patches und Aktualisierungen der Produkte, sofern erforderlich. Eingeschr\u00e4nkter Support\uff1a Wir bieten Support f\u00fcr Kunden mit g\u00fcltigem Wartungsvertrag, basierend auf fr\u00fcheren F\u00e4llen und unserer Wissensdatenbank. Der Support umfasst die [&hellip;]","og_url":"https:\/\/www.actiphy.com\/de-de\/support\/lebenszyklus\/","og_site_name":"Actiphy Backup &amp; DR | DACH","article_modified_time":"2025-10-29T16:11:22+00:00","og_image":[{"width":1200,"height":630,"url":"https:\/\/www.actiphy.com\/de-de\/wp-content\/uploads\/sites\/7\/2026\/03\/ogp_image_h.jpg","type":"image\/jpeg"}],"twitter_card":"summary_large_image","twitter_misc":{"Gesch\u00e4tzte Lesezeit":"2\u00a0Minuten"},"schema":{"@context":"https:\/\/schema.org","@graph":[{"@type":"WebPage","@id":"https:\/\/www.actiphy.com\/de-de\/support\/lebenszyklus\/","url":"https:\/\/www.actiphy.com\/de-de\/support\/lebenszyklus\/","name":"Support-Lebenszyklus-Richtlinie - Actiphy Backup &amp; DR | DACH","isPartOf":{"@id":"https:\/\/www.actiphy.com\/de-de\/#website"},"datePublished":"2020-06-17T17:08:30+00:00","dateModified":"2025-10-29T16:11:22+00:00","breadcrumb":{"@id":"https:\/\/www.actiphy.com\/de-de\/support\/lebenszyklus\/#breadcrumb"},"inLanguage":"de","potentialAction":[{"@type":"ReadAction","target":["https:\/\/www.actiphy.com\/de-de\/support\/lebenszyklus\/"]}]},{"@type":"BreadcrumbList","@id":"https:\/\/www.actiphy.com\/de-de\/support\/lebenszyklus\/#breadcrumb","itemListElement":[{"@type":"ListItem","position":1,"name":"Home","item":"https:\/\/www.actiphy.com\/de-de\/"},{"@type":"ListItem","position":2,"name":"Support","item":"https:\/\/www.actiphy.com\/de-de\/support\/"},{"@type":"ListItem","position":3,"name":"Support-Lebenszyklus-Richtlinie"}]},{"@type":"WebSite","@id":"https:\/\/www.actiphy.com\/de-de\/#website","url":"https:\/\/www.actiphy.com\/de-de\/","name":"Actiphy Backup &amp; DR | DACH","description":"Sind auch Sie DisasterReady und stellen Sie physische und virtuelle Maschinen in 5 Minuten wieder her","potentialAction":[{"@type":"SearchAction","target":{"@type":"EntryPoint","urlTemplate":"https:\/\/www.actiphy.com\/de-de\/?s={search_term_string}"},"query-input":{"@type":"PropertyValueSpecification","valueRequired":true,"valueName":"search_term_string"}}],"inLanguage":"de"}]}},"coauthors":[],"author_meta":{"author_link":"https:\/\/www.actiphy.com\/de-de\/author\/siteadmin\/","display_name":"siteadmin"},"relative_dates":{"created":"Posted 6\u00a0Jahren ago","modified":"Updated 6\u00a0Monaten ago"},"absolute_dates":{"created":"Posted on 17\/06\/2020","modified":"Updated on 29\/10\/2025"},"absolute_dates_time":{"created":"Posted on 17\/06\/2020 17:08","modified":"Updated on 29\/10\/2025 17:11"},"featured_img_caption":"","featured_img":false,"series_order":"","_links":{"self":[{"href":"https:\/\/www.actiphy.com\/de-de\/wp-json\/wp\/v2\/pages\/75","targetHints":{"allow":["GET"]}}],"collection":[{"href":"https:\/\/www.actiphy.com\/de-de\/wp-json\/wp\/v2\/pages"}],"about":[{"href":"https:\/\/www.actiphy.com\/de-de\/wp-json\/wp\/v2\/types\/page"}],"author":[{"embeddable":true,"href":"https:\/\/www.actiphy.com\/de-de\/wp-json\/wp\/v2\/users\/1"}],"replies":[{"embeddable":true,"href":"https:\/\/www.actiphy.com\/de-de\/wp-json\/wp\/v2\/comments?post=75"}],"version-history":[{"count":4,"href":"https:\/\/www.actiphy.com\/de-de\/wp-json\/wp\/v2\/pages\/75\/revisions"}],"predecessor-version":[{"id":1788,"href":"https:\/\/www.actiphy.com\/de-de\/wp-json\/wp\/v2\/pages\/75\/revisions\/1788"}],"up":[{"embeddable":true,"href":"https:\/\/www.actiphy.com\/de-de\/wp-json\/wp\/v2\/pages\/71"}],"wp:attachment":[{"href":"https:\/\/www.actiphy.com\/de-de\/wp-json\/wp\/v2\/media?parent=75"}],"curies":[{"name":"wp","href":"https:\/\/api.w.org\/{rel}","templated":true}]}}