{"id":156,"date":"2025-08-31T10:55:18","date_gmt":"2025-08-31T08:55:18","guid":{"rendered":"https:\/\/www.actiphy.com\/de-de\/solution\/"},"modified":"2025-10-10T03:56:12","modified_gmt":"2025-10-10T01:56:12","slug":"loesung","status":"publish","type":"page","link":"https:\/\/www.actiphy.com\/de-de\/loesung\/","title":{"rendered":"L\u00f6sung"},"content":{"rendered":"\n\n\n\n<div class=\"pd_y_small\">\r\n\r\n\n\n<h2 class=\"wp-block-heading theme_heading medium heading_center\">Eine L\u00f6sung f\u00fcr all Ihre Pl\u00e4ne zur Gesch\u00e4ftskontinuit\u00e4t.<\/h2>\n\n\n\r\n<div class=\"page_nav\">\r\n\n\n<ul class=\"wp-block-list page_nav_list\">\n<li><a href=\"#loesung01\"><strong>Systemschutz\/ Schutz vor Ransomware<\/strong><\/a><\/li>\n\n\n\n<li><strong><a href=\"#loesung02\">Notfall-Wiederherstellung<\/a><\/strong><\/li>\n\n\n\n<li><strong><a href=\"#loesung03\">Ausfallzeiten reduzieren<\/a><\/strong><\/li>\n\n\n\n<li><strong><a href=\"#loesung04\">Virtualisierung<\/a><\/strong><\/li>\n\n\n\n<li><strong><a href=\"#loesung05\">Bootbarkeitspr\u00fcfung<\/a><\/strong><\/li>\n\n\n\n<li><a href=\"#loesung06\"><strong>Fernverwaltung von Clients<\/strong><\/a><\/li>\n\n\n\n<li><strong><a href=\"#loesung07\">Bereitstellungstools<\/a><\/strong><\/li>\n<\/ul>\n\n\r\n<\/div>\r\n\r\n\n\r\n\r\n<\/div>\r\n\n\n<div class=\"lazyblock-solution-panel-Z2kBKkN wp-block-lazyblock-solution-panel\">    <div class=\"solution_panel bg_gray\" id=\"loesung01\">\r\n    \t\t\t\t\t<h3 class=\"solution_panel_title\">\r\n    \t\t\t\t\t\t<picture>\r\n    \t\t\t\t\t\t\t<source srcset=\"https:\/\/www.actiphy.com\/wp-content\/uploads\/sites\/7\/2025\/10\/systemschuts_large.png?ver=1760060377\" media=\"(min-width: 769px)\">\r\n    \t\t\t\t\t\t\t<img class=\"image_title\" srcset=\"https:\/\/www.actiphy.com\/wp-content\/uploads\/sites\/7\/2025\/10\/systemschuts-1.png?ver=1760060377\" alt=\"Systemschutz\/ Schutz vor Ransomware\">\r\n    \t\t\t\t\t\t<\/picture>\r\n    \t\t\t\t\t<\/h3>\r\n    \t\t\t\t\t<div class=\"row\">\r\n    \t\t\t\t\t\t<div class=\"col-6 col-md-12 mb-md-4\">\r\n    \t\t\t\t\t\t    \n\n<p>Im Falle einer Unterbrechung des t\u00e4glichen Gesch\u00e4ftsbetriebs durch einen unerwarteten Ausfall, Systemfehler oder Ransomware-Angriff ist die effektivste Methode zur Probleml\u00f6sung die vollst\u00e4ndige Wiederherstellung des Systems aus einem Backup. Da das System vor der St\u00f6rung gesichert und an einem entfernten Speicherort gespeichert wurde, sind im Falle eines Systemausfalls alle Daten im entfernten Backup intakt. Wenn eine unerwartete Katastrophe eintritt, sollte die Wiederherstellung der Backups m\u00f6glichst schnell erfolgen.<\/p>\n\n\n\n<p><\/p>\n\n    \t\t\t\t\t\t<\/div>\r\n    \t\t\t\t\t\t<div class=\"col-6 col-md-12\">\r\n    \t\t\t\t\t\t\t<figure>\r\n    \t\t\t\t\t\t\t\t<img decoding=\"async\" src=\"https:\/\/www.actiphy.com\/global\/wp-content\/uploads\/sites\/8\/2022\/10\/image_solution01.jpg\" alt=\"Systemschutz\/ Schutz vor Ransomware\">\r\n    \t\t\t\t\t\t\t<\/figure>\r\n    \t\t\t\t\t\t<\/div>\r\n    \t\t\t\t\t<\/div>\r\n    \t\t\t\t<\/div>\r\n        <\/div>\n\n<div class=\"lazyblock-solution-panel-2vfpxE wp-block-lazyblock-solution-panel\">    <div class=\"solution_panel bg_gray\" id=\"loesung02\">\r\n    \t\t\t\t\t<h3 class=\"solution_panel_title\">\r\n    \t\t\t\t\t\t<picture>\r\n    \t\t\t\t\t\t\t<source srcset=\"https:\/\/www.actiphy.com\/wp-content\/uploads\/sites\/7\/2025\/10\/notfall_large.png?ver=1760060376\" media=\"(min-width: 769px)\">\r\n    \t\t\t\t\t\t\t<img class=\"image_title\" srcset=\"https:\/\/www.actiphy.com\/wp-content\/uploads\/sites\/7\/2025\/10\/notfall-1.png?ver=1760060375\" alt=\"Notfallwiederherstellung\">\r\n    \t\t\t\t\t\t<\/picture>\r\n    \t\t\t\t\t<\/h3>\r\n    \t\t\t\t\t<div class=\"row\">\r\n    \t\t\t\t\t\t<div class=\"col-6 col-md-12 mb-md-4\">\r\n    \t\t\t\t\t\t    \n\n<p>Bei einer gro\u00dffl\u00e4chigen Katastrophe k\u00f6nnen Backup-Daten auch dann verloren gehen, wenn sie regelm\u00e4\u00dfig erstellt wurden. Schon ein einfacher Stromausfall in einem Geb\u00e4ude kann ein System lahmlegen und gleichzeitig den lokalen Backup-Speicher besch\u00e4digen. Ein sicherer Ansatz zur Vermeidung von Datenverlust oder zur Sicherstellung der Gesch\u00e4ftskontinuit\u00e4t besteht darin, die Backup-Daten regelm\u00e4\u00dfig an einen externen Standort zu \u00fcbertragen. Mithilfe der Replikation k\u00f6nnen Backup-Daten auf nahezu jeden verf\u00fcgbaren Remote-Speicherort, NAS, FTP und Cloud-Dienste wie DropBox, Amazon S3, Google Drive, Azure Storage und OneDrive \u00fcbertragen werden.<\/p>\n\n    \t\t\t\t\t\t<\/div>\r\n    \t\t\t\t\t\t<div class=\"col-6 col-md-12\">\r\n    \t\t\t\t\t\t\t<figure>\r\n    \t\t\t\t\t\t\t\t<img decoding=\"async\" src=\"https:\/\/www.actiphy.com\/global\/wp-content\/uploads\/sites\/8\/2022\/10\/image_solution02.jpg\" alt=\"Notfallwiederherstellung\">\r\n    \t\t\t\t\t\t\t<\/figure>\r\n    \t\t\t\t\t\t<\/div>\r\n    \t\t\t\t\t<\/div>\r\n    \t\t\t\t<\/div>\r\n        <\/div>\n\n<div class=\"lazyblock-solution-panel-ZUkigc wp-block-lazyblock-solution-panel\">    <div class=\"solution_panel bg_gray\" id=\"loesung03\">\r\n    \t\t\t\t\t<h3 class=\"solution_panel_title\">\r\n    \t\t\t\t\t\t<picture>\r\n    \t\t\t\t\t\t\t<source srcset=\"https:\/\/www.actiphy.com\/wp-content\/uploads\/sites\/7\/2025\/10\/ausfallzeiten_large.png?ver=1760060380\" media=\"(min-width: 769px)\">\r\n    \t\t\t\t\t\t\t<img class=\"image_title\" srcset=\"https:\/\/www.actiphy.com\/wp-content\/uploads\/sites\/7\/2025\/10\/ausfallzeiten-1.png?ver=1760060379\" alt=\"Ausfallzeiten reduzieren\">\r\n    \t\t\t\t\t\t<\/picture>\r\n    \t\t\t\t\t<\/h3>\r\n    \t\t\t\t\t<div class=\"row\">\r\n    \t\t\t\t\t\t<div class=\"col-6 col-md-12 mb-md-4\">\r\n    \t\t\t\t\t\t    \n\n<p>Ein unterbrechungsfreier Serverbetrieb ist unerl\u00e4sslich. Im Falle eines Systemausfalls ist es entscheidend, den Server schnell wieder online zu bringen. Herk\u00f6mmliche hardwarebasierte Notfallwiederherstellungsl\u00f6sungen zur Sicherstellung der hohen Verf\u00fcgbarkeit von Systemressourcen verursachen erhebliche Kosten durch zus\u00e4tzlichen Personalaufwand, Wartung und zus\u00e4tzliche Hardware. Unsere kosteng\u00fcnstige Virtual Standby Replica-Technologie bietet eine Standby-Verf\u00fcgbarkeitsl\u00f6sung, bei der Ihre physischen oder virtuellen Maschinen direkt auf einen Hypervisor-Host repliziert und mit inkrementellen Snapshots aktuell gehalten werden. Die virtuelle Standby-Replik (VSR) kann bei Bedarf sofort gestartet werden.<\/p>\n\n    \t\t\t\t\t\t<\/div>\r\n    \t\t\t\t\t\t<div class=\"col-6 col-md-12\">\r\n    \t\t\t\t\t\t\t<figure>\r\n    \t\t\t\t\t\t\t\t<img decoding=\"async\" src=\"https:\/\/www.actiphy.com\/global\/wp-content\/uploads\/sites\/8\/2022\/10\/image_solution03.jpg\" alt=\"Ausfallzeiten reduzieren\">\r\n    \t\t\t\t\t\t\t<\/figure>\r\n    \t\t\t\t\t\t<\/div>\r\n    \t\t\t\t\t<\/div>\r\n    \t\t\t\t<\/div>\r\n        <\/div>\n\n<div class=\"lazyblock-solution-panel-Z262kgv wp-block-lazyblock-solution-panel\">    <div class=\"solution_panel bg_gray\" id=\"loesung04\">\r\n    \t\t\t\t\t<h3 class=\"solution_panel_title\">\r\n    \t\t\t\t\t\t<picture>\r\n    \t\t\t\t\t\t\t<source srcset=\"https:\/\/www.actiphy.com\/wp-content\/uploads\/sites\/7\/2025\/10\/virtualisierung_large.png?ver=1760060378\" media=\"(min-width: 769px)\">\r\n    \t\t\t\t\t\t\t<img class=\"image_title\" srcset=\"https:\/\/www.actiphy.com\/wp-content\/uploads\/sites\/7\/2025\/10\/virtualisierung-1.png?ver=1760060378\" alt=\"Virtualisierung\">\r\n    \t\t\t\t\t\t<\/picture>\r\n    \t\t\t\t\t<\/h3>\r\n    \t\t\t\t\t<div class=\"row\">\r\n    \t\t\t\t\t\t<div class=\"col-6 col-md-12 mb-md-4\">\r\n    \t\t\t\t\t\t    \n\n<p>Server-Virtualisierung und Cloud-Computing sind typischerweise mit Unternehmen verbunden. Die Migration physischer Maschinen in virtuelle Umgebungen bietet den Vorteil geringerer Kosten. Herk\u00f6mmliche Backup-Tools erfordern die Installation von Backup-Agenten und -Diensten auf den einzelnen virtuellen Maschinen. In einer Public Cloud, in der Benutzer normalerweise nur auf die virtuellen Maschinen Zugriff haben, kann ein Backup-Agent praktisch sein. Alternativ erm\u00f6glicht unsere agentenlose Backup-Technologie die Sicherung virtueller Maschinen in lokalen Umgebungen.<\/p>\n\n    \t\t\t\t\t\t<\/div>\r\n    \t\t\t\t\t\t<div class=\"col-6 col-md-12\">\r\n    \t\t\t\t\t\t\t<figure>\r\n    \t\t\t\t\t\t\t\t<img decoding=\"async\" src=\"https:\/\/www.actiphy.com\/global\/wp-content\/uploads\/sites\/8\/2022\/10\/image_solution04.jpg\" alt=\"Virtualisierung\">\r\n    \t\t\t\t\t\t\t<\/figure>\r\n    \t\t\t\t\t\t<\/div>\r\n    \t\t\t\t\t<\/div>\r\n    \t\t\t\t<\/div>\r\n        <\/div>\n\n<div class=\"lazyblock-solution-panel-1CA92R wp-block-lazyblock-solution-panel\">    <div class=\"solution_panel bg_gray\" id=\"loesung05\">\r\n    \t\t\t\t\t<h3 class=\"solution_panel_title\">\r\n    \t\t\t\t\t\t<picture>\r\n    \t\t\t\t\t\t\t<source srcset=\"https:\/\/www.actiphy.com\/wp-content\/uploads\/sites\/7\/2025\/10\/bootbarkeitsprufung_large.png?ver=1760060382\" media=\"(min-width: 769px)\">\r\n    \t\t\t\t\t\t\t<img class=\"image_title\" srcset=\"https:\/\/www.actiphy.com\/wp-content\/uploads\/sites\/7\/2025\/10\/bootbarkeitsprufung-1.png?ver=1760060382\" alt=\"Bootbarkeitspr\u00fcfung\">\r\n    \t\t\t\t\t\t<\/picture>\r\n    \t\t\t\t\t<\/h3>\r\n    \t\t\t\t\t<div class=\"row\">\r\n    \t\t\t\t\t\t<div class=\"col-6 col-md-12 mb-md-4\">\r\n    \t\t\t\t\t\t    \n\n<p>Wie wissen Sie, ob Ihr Backup-Image eine vollst\u00e4ndige Wiederherstellung erm\u00f6glicht oder ob das wiederhergestellte System ohne Probleme hochf\u00e4hrt? Oder wie kann man den Zeitpunkt eines Systemfehlers ermitteln? Fr\u00fcher musste das gesamte System wiederhergestellt werden, um die Bootf\u00e4higkeit zu testen oder die Integrit\u00e4t des Backups zu \u00fcberpr\u00fcfen. BootCheck und HyperBoot erm\u00f6glichen das Starten einer virtuellen Maschine direkt aus dem Backup-Image als virtuelle Festplatte und umgehen so den langwierigen Konvertierungs- und Wiederherstellungsprozess. Mit BootCheck best\u00e4tigen Sie die Bootf\u00e4higkeit und mit HyperBoot k\u00f6nnen Sie die Maschine direkt starten und betreiben \u2013 so sparen Sie Zeit und Kosten.<\/p>\n\n    \t\t\t\t\t\t<\/div>\r\n    \t\t\t\t\t\t<div class=\"col-6 col-md-12\">\r\n    \t\t\t\t\t\t\t<figure>\r\n    \t\t\t\t\t\t\t\t<img decoding=\"async\" src=\"https:\/\/www.actiphy.com\/global\/wp-content\/uploads\/sites\/8\/2022\/10\/image_solution05.jpg\" alt=\"Bootbarkeitspr\u00fcfung\">\r\n    \t\t\t\t\t\t\t<\/figure>\r\n    \t\t\t\t\t\t<\/div>\r\n    \t\t\t\t\t<\/div>\r\n    \t\t\t\t<\/div>\r\n        <\/div>\n\n<div class=\"lazyblock-solution-panel-ZmtcFG wp-block-lazyblock-solution-panel\">    <div class=\"solution_panel bg_gray\" id=\"loesung06\">\r\n    \t\t\t\t\t<h3 class=\"solution_panel_title\">\r\n    \t\t\t\t\t\t<picture>\r\n    \t\t\t\t\t\t\t<source srcset=\"https:\/\/www.actiphy.com\/wp-content\/uploads\/sites\/7\/2025\/10\/fernverwaltung_large.png?ver=1760060383\" media=\"(min-width: 769px)\">\r\n    \t\t\t\t\t\t\t<img class=\"image_title\" srcset=\"https:\/\/www.actiphy.com\/wp-content\/uploads\/sites\/7\/2025\/10\/fernverwaltung-1.png?ver=1760060383\" alt=\"Fernverwaltung von Clients\">\r\n    \t\t\t\t\t\t<\/picture>\r\n    \t\t\t\t\t<\/h3>\r\n    \t\t\t\t\t<div class=\"row\">\r\n    \t\t\t\t\t\t<div class=\"col-6 col-md-12 mb-md-4\">\r\n    \t\t\t\t\t\t    \n\n<p>Die Verwaltung von Backup-Auftr\u00e4gen auf vielen einzelnen Clients ist zeitaufw\u00e4ndig und arbeitsintensiv. Wenn ein Client nach einem Systemausfall nicht gesichert wurde, wird schnell klar, dass keine Wiederherstellung m\u00f6glich ist. ActiveVisor bietet mit seiner neuen browserbasierten Konsole eine zentrale L\u00f6sung zur Verwaltung und \u00dcberwachung von Backup-Auftr\u00e4gen, Statuskontrolle und erweitertem Lizenzmanagement.<\/p>\n\n    \t\t\t\t\t\t<\/div>\r\n    \t\t\t\t\t\t<div class=\"col-6 col-md-12\">\r\n    \t\t\t\t\t\t\t<figure>\r\n    \t\t\t\t\t\t\t\t<img decoding=\"async\" src=\"https:\/\/www.actiphy.com\/global\/wp-content\/uploads\/sites\/8\/2022\/10\/image_solution06.jpg\" alt=\"Fernverwaltung von Clients\">\r\n    \t\t\t\t\t\t\t<\/figure>\r\n    \t\t\t\t\t\t<\/div>\r\n    \t\t\t\t\t<\/div>\r\n    \t\t\t\t<\/div>\r\n        <\/div>\n\n<div class=\"lazyblock-solution-panel-hIf2f wp-block-lazyblock-solution-panel\">    <div class=\"solution_panel bg_gray\" id=\"loesung07\">\r\n    \t\t\t\t\t<h3 class=\"solution_panel_title\">\r\n    \t\t\t\t\t\t<picture>\r\n    \t\t\t\t\t\t\t<source srcset=\"https:\/\/www.actiphy.com\/wp-content\/uploads\/sites\/7\/2025\/10\/bereitstellung_large.png?ver=1760060381\" media=\"(min-width: 769px)\">\r\n    \t\t\t\t\t\t\t<img class=\"image_title\" srcset=\"https:\/\/www.actiphy.com\/wp-content\/uploads\/sites\/7\/2025\/10\/bereitstellung-1.png?ver=1760060381\" alt=\"Bereitstellungstools\">\r\n    \t\t\t\t\t\t<\/picture>\r\n    \t\t\t\t\t<\/h3>\r\n    \t\t\t\t\t<div class=\"row\">\r\n    \t\t\t\t\t\t<div class=\"col-6 col-md-12 mb-md-4\">\r\n    \t\t\t\t\t\t    \n\n<p>Der Bereitstellungsprozess umfasst die Installation des Betriebssystems und von Anwendungen, das Einrichten eines Standardsystems auf einem Quell-PC und die Verteilung auf mehrere Zielger\u00e4te. Solche Prozesse finden bei PC-Herstellern, Lieferanten oder Firmen statt, die neue Mitarbeiter mit Computern ausstatten oder alte Systeme ersetzen bzw. umfunktionieren. Ein USB-basiertes Tool erstellt ein bootf\u00e4higes Laufwerk mit einem Master-Image eines vorkonfigurierten Systems und \u00fcbertr\u00e4gt es auf neue Zielger\u00e4te. ActiveImage Deploy USB automatisiert und vereinfacht diesen Prozess und beseitigt die Wiederholungsaufw\u00e4nde bei der Installation von Betriebssystem und Anwendungen auf einer Vielzahl von Ger\u00e4ten.<\/p>\n\n\n<div class=\"btn_wrap \"><a href=\"https:\/\/www.actiphy.com\/global\/datasheet\/actiphy_activeimage_deploy_usb\" class=\"btn btn_blue btn_variable\"   target=\"_blank\"><i class=\"icon-file\"><\/i>Weitere Informationen<\/a>\r\n<\/div>\n    \t\t\t\t\t\t<\/div>\r\n    \t\t\t\t\t\t<div class=\"col-6 col-md-12\">\r\n    \t\t\t\t\t\t\t<figure>\r\n    \t\t\t\t\t\t\t\t<img decoding=\"async\" src=\"https:\/\/www.actiphy.com\/global\/wp-content\/uploads\/sites\/8\/2022\/10\/image_solution07.jpg\" alt=\"Bereitstellungstools\">\r\n    \t\t\t\t\t\t\t<\/figure>\r\n    \t\t\t\t\t\t<\/div>\r\n    \t\t\t\t\t<\/div>\r\n    \t\t\t\t<\/div>\r\n        <\/div>","protected":false},"excerpt":{"rendered":"","protected":false},"author":1,"featured_media":0,"parent":0,"menu_order":0,"comment_status":"closed","ping_status":"closed","template":"template-product-detail.php","meta":{"advgb_blocks_editor_width":"","advgb_blocks_columns_visual_guide":"","nj_multilang_slug":"solution","nj_multilang_old_url":[],"footnotes":""},"class_list":["post-156","page","type-page","status-publish","hentry"],"yoast_head":"<!-- This site is optimized with the Yoast SEO plugin v27.1.1 - https:\/\/yoast.com\/product\/yoast-seo-wordpress\/ -->\n<title>L\u00f6sung - Actiphy Backup &amp; DR | DACH<\/title>\n<meta name=\"robots\" content=\"index, follow, max-snippet:-1, max-image-preview:large, max-video-preview:-1\" \/>\n<link rel=\"canonical\" href=\"https:\/\/www.actiphy.com\/de-de\/loesung\/\" \/>\n<meta property=\"og:locale\" content=\"de_DE\" \/>\n<meta property=\"og:type\" content=\"article\" \/>\n<meta property=\"og:title\" content=\"L\u00f6sung - Actiphy Backup &amp; DR | DACH\" \/>\n<meta property=\"og:url\" content=\"https:\/\/www.actiphy.com\/de-de\/loesung\/\" \/>\n<meta property=\"og:site_name\" content=\"Actiphy Backup &amp; DR | DACH\" \/>\n<meta property=\"article:modified_time\" content=\"2025-10-10T01:56:12+00:00\" \/>\n<meta property=\"og:image\" content=\"https:\/\/www.actiphy.com\/de-de\/wp-content\/uploads\/sites\/7\/2026\/03\/ogp_image_h.jpg\" \/>\n\t<meta property=\"og:image:width\" content=\"1200\" \/>\n\t<meta property=\"og:image:height\" content=\"630\" \/>\n\t<meta property=\"og:image:type\" content=\"image\/jpeg\" \/>\n<meta name=\"twitter:card\" content=\"summary_large_image\" \/>\n<meta name=\"twitter:label1\" content=\"Gesch\u00e4tzte Lesezeit\" \/>\n\t<meta name=\"twitter:data1\" content=\"4\u00a0Minuten\" \/>\n<script type=\"application\/ld+json\" class=\"yoast-schema-graph\">{\"@context\":\"https:\/\/schema.org\",\"@graph\":[{\"@type\":\"WebPage\",\"@id\":\"https:\/\/www.actiphy.com\/de-de\/loesung\/\",\"url\":\"https:\/\/www.actiphy.com\/de-de\/loesung\/\",\"name\":\"L\u00f6sung - Actiphy Backup &amp; DR | DACH\",\"isPartOf\":{\"@id\":\"https:\/\/www.actiphy.com\/de-de\/#website\"},\"datePublished\":\"2025-08-31T08:55:18+00:00\",\"dateModified\":\"2025-10-10T01:56:12+00:00\",\"breadcrumb\":{\"@id\":\"https:\/\/www.actiphy.com\/de-de\/loesung\/#breadcrumb\"},\"inLanguage\":\"de\",\"potentialAction\":[{\"@type\":\"ReadAction\",\"target\":[\"https:\/\/www.actiphy.com\/de-de\/loesung\/\"]}]},{\"@type\":\"BreadcrumbList\",\"@id\":\"https:\/\/www.actiphy.com\/de-de\/loesung\/#breadcrumb\",\"itemListElement\":[{\"@type\":\"ListItem\",\"position\":1,\"name\":\"Home\",\"item\":\"https:\/\/www.actiphy.com\/de-de\/\"},{\"@type\":\"ListItem\",\"position\":2,\"name\":\"L\u00f6sung\"}]},{\"@type\":\"WebSite\",\"@id\":\"https:\/\/www.actiphy.com\/de-de\/#website\",\"url\":\"https:\/\/www.actiphy.com\/de-de\/\",\"name\":\"Actiphy Backup &amp; DR | DACH\",\"description\":\"Sind auch Sie DisasterReady und stellen Sie physische und virtuelle Maschinen in 5 Minuten wieder her\",\"potentialAction\":[{\"@type\":\"SearchAction\",\"target\":{\"@type\":\"EntryPoint\",\"urlTemplate\":\"https:\/\/www.actiphy.com\/de-de\/?s={search_term_string}\"},\"query-input\":{\"@type\":\"PropertyValueSpecification\",\"valueRequired\":true,\"valueName\":\"search_term_string\"}}],\"inLanguage\":\"de\"}]}<\/script>\n<!-- \/ Yoast SEO plugin. -->","yoast_head_json":{"title":"L\u00f6sung - Actiphy Backup &amp; DR | DACH","robots":{"index":"index","follow":"follow","max-snippet":"max-snippet:-1","max-image-preview":"max-image-preview:large","max-video-preview":"max-video-preview:-1"},"canonical":"https:\/\/www.actiphy.com\/de-de\/loesung\/","og_locale":"de_DE","og_type":"article","og_title":"L\u00f6sung - Actiphy Backup &amp; DR | DACH","og_url":"https:\/\/www.actiphy.com\/de-de\/loesung\/","og_site_name":"Actiphy Backup &amp; DR | DACH","article_modified_time":"2025-10-10T01:56:12+00:00","og_image":[{"width":1200,"height":630,"url":"https:\/\/www.actiphy.com\/de-de\/wp-content\/uploads\/sites\/7\/2026\/03\/ogp_image_h.jpg","type":"image\/jpeg"}],"twitter_card":"summary_large_image","twitter_misc":{"Gesch\u00e4tzte Lesezeit":"4\u00a0Minuten"},"schema":{"@context":"https:\/\/schema.org","@graph":[{"@type":"WebPage","@id":"https:\/\/www.actiphy.com\/de-de\/loesung\/","url":"https:\/\/www.actiphy.com\/de-de\/loesung\/","name":"L\u00f6sung - Actiphy Backup &amp; DR | DACH","isPartOf":{"@id":"https:\/\/www.actiphy.com\/de-de\/#website"},"datePublished":"2025-08-31T08:55:18+00:00","dateModified":"2025-10-10T01:56:12+00:00","breadcrumb":{"@id":"https:\/\/www.actiphy.com\/de-de\/loesung\/#breadcrumb"},"inLanguage":"de","potentialAction":[{"@type":"ReadAction","target":["https:\/\/www.actiphy.com\/de-de\/loesung\/"]}]},{"@type":"BreadcrumbList","@id":"https:\/\/www.actiphy.com\/de-de\/loesung\/#breadcrumb","itemListElement":[{"@type":"ListItem","position":1,"name":"Home","item":"https:\/\/www.actiphy.com\/de-de\/"},{"@type":"ListItem","position":2,"name":"L\u00f6sung"}]},{"@type":"WebSite","@id":"https:\/\/www.actiphy.com\/de-de\/#website","url":"https:\/\/www.actiphy.com\/de-de\/","name":"Actiphy Backup &amp; DR | DACH","description":"Sind auch Sie DisasterReady und stellen Sie physische und virtuelle Maschinen in 5 Minuten wieder her","potentialAction":[{"@type":"SearchAction","target":{"@type":"EntryPoint","urlTemplate":"https:\/\/www.actiphy.com\/de-de\/?s={search_term_string}"},"query-input":{"@type":"PropertyValueSpecification","valueRequired":true,"valueName":"search_term_string"}}],"inLanguage":"de"}]}},"coauthors":[],"author_meta":{"author_link":"https:\/\/www.actiphy.com\/de-de\/author\/siteadmin\/","display_name":"siteadmin"},"relative_dates":{"created":"Posted 8\u00a0Monaten ago","modified":"Updated 6\u00a0Monaten ago"},"absolute_dates":{"created":"Posted on 31\/08\/2025","modified":"Updated on 10\/10\/2025"},"absolute_dates_time":{"created":"Posted on 31\/08\/2025 10:55","modified":"Updated on 10\/10\/2025 03:56"},"featured_img_caption":"","featured_img":false,"series_order":"","_links":{"self":[{"href":"https:\/\/www.actiphy.com\/de-de\/wp-json\/wp\/v2\/pages\/156","targetHints":{"allow":["GET"]}}],"collection":[{"href":"https:\/\/www.actiphy.com\/de-de\/wp-json\/wp\/v2\/pages"}],"about":[{"href":"https:\/\/www.actiphy.com\/de-de\/wp-json\/wp\/v2\/types\/page"}],"author":[{"embeddable":true,"href":"https:\/\/www.actiphy.com\/de-de\/wp-json\/wp\/v2\/users\/1"}],"replies":[{"embeddable":true,"href":"https:\/\/www.actiphy.com\/de-de\/wp-json\/wp\/v2\/comments?post=156"}],"version-history":[{"count":31,"href":"https:\/\/www.actiphy.com\/de-de\/wp-json\/wp\/v2\/pages\/156\/revisions"}],"predecessor-version":[{"id":1597,"href":"https:\/\/www.actiphy.com\/de-de\/wp-json\/wp\/v2\/pages\/156\/revisions\/1597"}],"wp:attachment":[{"href":"https:\/\/www.actiphy.com\/de-de\/wp-json\/wp\/v2\/media?parent=156"}],"curies":[{"name":"wp","href":"https:\/\/api.w.org\/{rel}","templated":true}]}}