{"id":147,"date":"2025-08-18T06:22:09","date_gmt":"2025-08-18T04:22:09","guid":{"rendered":"https:\/\/www.actiphy.com\/de-de\/products\/activevisor\/"},"modified":"2025-10-31T08:18:23","modified_gmt":"2025-10-31T07:18:23","slug":"activevisor","status":"publish","type":"page","link":"https:\/\/www.actiphy.com\/de-de\/produkte\/activevisor\/","title":{"rendered":"ActiveVisor"},"content":{"rendered":"\n\n\n\n<div class=\"autoanchor reducible\" id=\"uebersicht\" >\n\n\n\n\r\n<div class=\"pd_y_small\">\r\n\n\n<h2 class=\"wp-block-heading theme_heading medium\">Was ist ActiveVisor\u2122?<\/h2>\n\n\n\n<p class=\"mb-3\">ActiveVisor\u2122 verwaltet und \u00fcberwacht den Status der ActiveImage Protector\u2122-Agenten, damit Administratoren die Systemkontinuit\u00e4t sicherstellen k\u00f6nnen. Durch das Sammeln von Informationen von verteilten Agenten im Netzwerk bietet ActiveVisor\u2122 eine visuelle \u00dcbersicht \u00fcber den Schutzstatus des gesamten Systems, sendet E-Mail-Benachrichtigungen zum Backup-Status, \u00fcberwacht den verf\u00fcgbaren Speicherplatz und erm\u00f6glicht die Verwaltung von Agenten, Zeitpl\u00e4nen und Aufgaben. Administrator*innen sparen Zeit und Kosten, indem sie Agenten zentral verwalten und sich auf kontinuierliche, zuverl\u00e4ssige Backups verlassen k\u00f6nnen. ActiveVisor wird kostenlos bereitgestellt f\u00fcr Nutzer*innen von ActiveImage Protector\u2122, die \u00fcber einen g\u00fcltigen j\u00e4hrlichen Wartungsvertrag verf\u00fcgen. ActiveVisor\u2122 is provided at no additional charge to ActiveImage Protector\u2122 users who have valid annual maintenance contracts.  ActiveVisor\u2122 is provided at no additional charge to ActiveImage Protector\u2122 users who have valid annual maintenance contracts.<\/p>\n\n\n\n<h2 class=\"wp-block-heading theme_heading small\">Vorteile von ActiveVisor\u2122<\/h2>\n\n\n\n<ul class=\"wp-block-list list_dot_small mb-3\">\n<li>Systemadministrator*innen k\u00f6nnen Zeit sparen, indem sie Backup-Quellen zentral von einer Konsole aus verwalten.<\/li>\n\n\n\n<li>Die Verwaltung von Client-Systemen ist standortunabh\u00e4ngig \u00fcber die browserbasierte Konsole m\u00f6glich.<\/li>\n\n\n\n<li>Bei Systemfehlern zeigt ActiveVisor\u2122 \u00fcber eine vereinfachte Benutzeroberfl\u00e4che maschinenspezifische Fehler \u00fcbersichtlich in Tabellenform, sodass eine Wiederherstellung schnell eingeleitet werden kann.<\/li>\n\n\n\n<li>Bei Verz\u00f6gerungen im Backup-Prozess zeigt die Konsole den Sicherungsstatus in verst\u00e4ndlicher Form an.<\/li>\n<\/ul>\n\n\n\n<h2 class=\"wp-block-heading theme_heading small\">Neuerungen in ActiveVisor\u2122 Version 8<\/h2>\n\n\n\n<ul class=\"wp-block-list\">\n<li><strong> Backup-Speicher verwalten:<\/strong>ActiveVisor erm\u00f6glicht die Auswahl von Nachsicherungsaktionen wie Boot-Check, Integrit\u00e4tspr\u00fcfung und Backup-Konsolidierung.<\/li>\n\n\n\n<li><strong>Verbesserte Authentifizierung und erh\u00f6hte Sicherheit:<\/strong>F\u00fcr den Zugriff auf neue Clients muss ein Passwort eingegeben werden. Dies gilt auch f\u00fcr \u00c4nderungen oder Push-Installationen, um unbefugten Zugriff zu verhindern.<\/li>\n\n\n\n<li><strong> Verbesserte, benutzerfreundliche Oberfl\u00e4che:<\/strong>Die Benutzeroberfl\u00e4che von ActiveVisor\u2122 ist intuitiv gestaltet und zeigt verwaltete Objekte klar strukturiert im oberen Bereich der Konsole.<\/li>\n\n\n\n<li><strong> Listenansicht f\u00fcr Standby-Systeme und Hypervisoren:<\/strong>ActiveVisor bietet nun eine Listenansicht f\u00fcr Standby-Systeme und Hypervisoren zur einfachen \u00dcberwachung von Status und Standort.<\/li>\n<\/ul>\n\n\r\n<\/div>\r\n\r\n\n\n<div class=\"lazyblock-summary-panels-Z2cHGYq wp-block-lazyblock-summary-panels\"><div class=\"summary_panel panel_odd_gray \">\r\n        <ul class=\"row\">\r\n            <li class=\"col-4 col-md-12 summary_panel_item\">\n<div class=\"summary_panel_inner\">\r\n        <div class=\"summary_panel_icon\" style=\"height: 94px;\">\r\n            <img decoding=\"async\" src=\"https:\/\/www.actiphy.com\/wp-content\/uploads\/sites\/3\/2021\/02\/dashboard_91.png?ver=1613625092\" alt=\"Grafisches Dashboard\"  srcset=\"https:\/\/www.actiphy.com\/wp-content\/uploads\/sites\/3\/2021\/02\/dashboard_230.png?ver=1613625093 2x\">\r\n        <\/div>\r\n        <h3 class=\"summary_panel_title\">Grafisches Dashboard<\/h3>\r\n        \n\n<p>Das Dashboard zeigt eine grafische \u00dcbersicht \u00fcber Computer im Netzwerk und hebt den Status laufender Aufgaben auf den ActiveImage Protector\u2122-Clients hervor.<\/p>\n\n\n\n<p><\/p>\n\n\n\n<p><\/p>\n\n    <\/div>\r\n    <\/li>\r\n<li class=\"col-4 col-md-12 summary_panel_item\">\n\n<div class=\"summary_panel_inner\">\r\n        <div class=\"summary_panel_icon\" style=\"height: 94px;\">\r\n            <img decoding=\"async\" src=\"https:\/\/www.actiphy.com\/wp-content\/uploads\/sites\/3\/2020\/06\/pc_management91.png?ver=1593423621\" alt=\"Verwaltung von Client-Gruppen\"  srcset=\"https:\/\/www.actiphy.com\/wp-content\/uploads\/sites\/3\/2020\/06\/pc_management230.png?ver=1593423621 2x\">\r\n        <\/div>\r\n        <h3 class=\"summary_panel_title\">Verwaltung von Client-Gruppen<\/h3>\r\n        \n\n<p>Clients k\u00f6nnen zu Gruppen zusammengefasst und bei \u00c4nderungen in der Systemkonfiguration neu angeordnet werden.<\/p>\n\n\n\n<p><\/p>\n\n\n\n<p><\/p>\n\n    <\/div>\r\n    <\/li>\r\n<li class=\"col-4 col-md-12 summary_panel_item\">\n\n\n<p><\/p>\n\n\n<div class=\"summary_panel_inner\">\r\n        <div class=\"summary_panel_icon\" style=\"height: 94px;\">\r\n            <img decoding=\"async\" src=\"https:\/\/www.actiphy.com\/wp-content\/uploads\/sites\/3\/2020\/06\/schedule2_91.png?ver=1593423625\" alt=\"Detaillierte und flexible Zeitplanung\"  srcset=\"https:\/\/www.actiphy.com\/wp-content\/uploads\/sites\/3\/2020\/06\/schedule2_230.png?ver=1593423626 2x\">\r\n        <\/div>\r\n        <h3 class=\"summary_panel_title\">Detaillierte und flexible Zeitplanung<\/h3>\r\n        \n\n<p>Zeitpl\u00e4ne k\u00f6nnen individuell pro Client erstellt oder per Vorlage auf Gruppen angewendet werden.<\/p>\n\n\n\n<p><\/p>\n\n    <\/div>\r\n    <\/li>\r\n<li class=\"col-4 col-md-12 summary_panel_item\">\n\n<div class=\"summary_panel_inner\">\r\n        <div class=\"summary_panel_icon\" style=\"height: 94px;\">\r\n            <img decoding=\"async\" src=\"https:\/\/www.actiphy.com\/wp-content\/uploads\/sites\/3\/2020\/06\/monitoring91.png?ver=1593423618\" alt=\"Client-Status \u00fcberwachen\"  srcset=\"https:\/\/www.actiphy.com\/wp-content\/uploads\/sites\/3\/2020\/06\/monitoring230.png?ver=1593423618 2x\">\r\n        <\/div>\r\n        <h3 class=\"summary_panel_title\">Client-Status \u00fcberwachen<\/h3>\r\n        \n\n<p>ActiveVisor\u2122 bietet eine Monitoring-Funktion f\u00fcr Backup-Status, Aufgaben und Client-Zust\u00e4nde. Eine separate Ansicht zeigt aktuelle \u00c4nderungen der Zielsysteme in Listenform.<\/p>\n\n\n\n<p><\/p>\n\n\n\n<p><\/p>\n\n    <\/div>\r\n    <\/li>\r\n<li class=\"col-4 col-md-12 summary_panel_item\">\n\n<div class=\"summary_panel_inner\">\r\n        <div class=\"summary_panel_icon\" style=\"height: 94px;\">\r\n            <img decoding=\"async\" src=\"https:\/\/www.actiphy.com\/wp-content\/uploads\/sites\/3\/2021\/03\/log_91.png?ver=1616488192\" alt=\"Protokollinformationen sammeln\"  srcset=\"https:\/\/www.actiphy.com\/wp-content\/uploads\/sites\/3\/2021\/03\/log_230.png?ver=1616488191 2x\">\r\n        <\/div>\r\n        <h3 class=\"summary_panel_title\">Protokollinformationen sammeln<\/h3>\r\n        \n\n<p>ActiveVisor\u2122 sammelt regelm\u00e4\u00dfig Informationen von Client-Agenten im Netzwerk, zeigt Protokolle laufender Aufgaben und Fr\u00fchwarnungen wie unzureichenden Speicherplatz an.<\/p>\n\n\n\n<p><\/p>\n\n\n\n<p><\/p>\n\n    <\/div>\r\n    <\/li>\r\n<li class=\"col-4 col-md-12 summary_panel_item\">\n\n<div class=\"summary_panel_inner\">\r\n        <div class=\"summary_panel_icon\" style=\"height: 94px;\">\r\n            <img decoding=\"async\" src=\"https:\/\/www.actiphy.com\/wp-content\/uploads\/sites\/3\/2021\/02\/template_91.png?ver=1613630586\" alt=\" Vorlagen f\u00fcr agentenloses Backup erstellen\"  srcset=\"https:\/\/www.actiphy.com\/wp-content\/uploads\/sites\/3\/2021\/02\/template_230.png?ver=1613630586 2x\">\r\n        <\/div>\r\n        <h3 class=\"summary_panel_title\"> Vorlagen f\u00fcr agentenloses Backup erstellen<\/h3>\r\n        \n\n<p>Der Vorlagenassistent f\u00fchrt Sie durch die Erstellung agentenloser (HyperAgent\u2122) Backup-Vorlagen. Diese lassen sich direkt mit den konfigurierten Einstellungen auf virtuelle Maschinen anwenden.<\/p>\n\n\n\n<p><\/p>\n\n    <\/div>\r\n    <\/li>\r\n<li class=\"col-4 col-md-12 summary_panel_item\">\n\n<div class=\"summary_panel_inner\">\r\n        <div class=\"summary_panel_icon\" style=\"height: 94px;\">\r\n            <img decoding=\"async\" src=\"https:\/\/www.actiphy.com\/wp-content\/uploads\/sites\/3\/2020\/06\/deploy2_120.png?ver=1593423592\" alt=\"Vorlagen auf Client-PCs verteilen\"  srcset=\"https:\/\/www.actiphy.com\/wp-content\/uploads\/sites\/3\/2020\/06\/deploy2_230.png?ver=1593423593 2x\">\r\n        <\/div>\r\n        <h3 class=\"summary_panel_title\">Vorlagen auf Client-PCs verteilen<\/h3>\r\n        \n\n<p>Erstellen Sie Backup-, Zeitplan-, vStandby- und Client-Vorlagen und verteilen Sie diese einzeln oder im Batch auf mehrere ausgew\u00e4hlte Clients. I<\/p>\n\n\n\n<p><\/p>\n\n\n\n<p><\/p>\n\n    <\/div>\r\n    <\/li>\r\n<li class=\"col-4 col-md-12 summary_panel_item\">\n\n<div class=\"summary_panel_inner\">\r\n        <div class=\"summary_panel_icon\" style=\"height: 94px;\">\r\n            <img decoding=\"async\" src=\"https:\/\/www.actiphy.com\/wp-content\/uploads\/sites\/3\/2020\/06\/push_install91.png?ver=1593423621\" alt=\"Push-Installation\"  srcset=\"https:\/\/www.actiphy.com\/wp-content\/uploads\/sites\/3\/2020\/06\/push_install230.png?ver=1593423622 2x\">\r\n        <\/div>\r\n        <h3 class=\"summary_panel_title\">Push-Installation<\/h3>\r\n        \n\n<p>Der Push-Installer erkennt nicht verwaltete Maschinen in der Dom\u00e4ne oder Arbeitsgruppe und installiert ActiveImage Protector\u2122 remote auf dem Client. Auch das Remote-Installieren von Software-Patches und Updates f\u00fcr ActiveImage Protector\u2122 ist m\u00f6glich.<\/p>\n\n\n\n<p><\/p>\n\n\n\n<p><\/p>\n\n    <\/div>\r\n    <\/li>\r\n<li class=\"col-4 col-md-12 summary_panel_item\">\n\n<div class=\"summary_panel_inner\">\r\n        <div class=\"summary_panel_icon\" style=\"height: 94px;\">\r\n            <img decoding=\"async\" src=\"https:\/\/www.actiphy.com\/wp-content\/uploads\/sites\/3\/2021\/02\/alert_screen_91.png?ver=1613548654\" alt=\"Visuelle Warnung\"  srcset=\"https:\/\/www.actiphy.com\/wp-content\/uploads\/sites\/3\/2021\/02\/alert_screen_230.png?ver=1613548655 2x\">\r\n        <\/div>\r\n        <h3 class=\"summary_panel_title\">Visuelle Warnung<\/h3>\r\n        \n\n<p>Im Fehlerfall zeigt ActiveVisor\u2122 tabellarisch, wo der Fehler aufgetreten ist \u2013 so kann das System schnell wiederhergestellt werden.<\/p>\n\n\n\n<p><\/p>\n\n\n\n<p><\/p>\n\n    <\/div>\r\n    <\/li>\r\n        <\/ul>\r\n    <\/div><\/div>\n\n<div class=\"btn_wrap btn_center\"><a href=\"https:\/\/www.actiphy.com\/de-de\/datasheet\/actiphy_activevisor\" class=\"btn btn_bg \"   target=\"_blank\"><i class=\"icon-file\"><\/i>Weitere Informationen<\/a>\r\n<\/div>\n\n<div class=\"pd_y_mini\">\r\n\r\n\r\n\r\n<\/div>\r\n\n\n<\/div>\r\n<div class=\"autoanchor reducible\" id=\"systemanforderungen\"  style=\"display: none;\" >\n\n<div data-post-id=\"1130\" class=\"insert-page insert-page-1130 \"><div class=\"pd_y_mini\">\r\n\r\n\n\n<div class=\"wp-block-columns is-layout-flex wp-container-core-columns-is-layout-9d6595d7 wp-block-columns-is-layout-flex\">\n<div class=\"wp-block-column is-layout-flow wp-block-column-is-layout-flow\">\n<h2 class=\"wp-block-heading theme_heading small\"><strong>Hardware<\/strong><\/h2>\n\n\n\n<p class=\"mb-3\"><strong>CPU<\/strong> : Pentium 4 or above<\/p>\n\n\n\n<p class=\"mb-3\"><strong>Main Memory<\/strong> : 2048MB or more is required (4096MB or more is recommended)<\/p>\n\n\n\n<p class=\"mb-3\"><strong><strong>Hard Disk : <\/strong><\/strong>1.44GB or more is required<\/p>\n\n\n\n<p class=\"mb-3\"><strong>Internet connection<\/strong> :<strong> <\/strong>Required for client management operation and updating the product<\/p>\n\n\n\n<ul class=\"list_asterisk mb-3\"><li>If using a proxy server for internet access, go to [Site Configuration] and configure the proxy settings.<\/li><\/ul>\n\n\n\n<p><strong>Screen Resolution<\/strong> : 1280\u00d71024 or above is recommended<\/p>\n<\/div>\n\n\n\n<div class=\"wp-block-column is-layout-flow wp-block-column-is-layout-flow\">\n<h2 class=\"wp-block-heading theme_heading small\"><strong>Operating System<\/strong>\uff08to install the product\uff09<\/h2>\n\n\n\n<ul class=\"wp-block-list list_dot_small\">\n<li>Windows 10 \/ 11\uff08x64\uff09<\/li>\n\n\n\n<li>Windows Server 2016 \u00a0or later OS<\/li>\n<\/ul>\n\n\n\n<ul class=\"wp-block-list list_asterisk\">\n<li>If User Account Control is enabled in desktop OS, etc., the program may ask for your permission to proceed with further operation. <br>If you get the prompt dialog, select [Allow] to proceed with the wizard operation.<\/li>\n<\/ul>\n<\/div>\n<\/div>\n\n\n\n<hr class=\"wp-block-separator has-alpha-channel-opacity\"\/>\n\n\n\n<div class=\"wp-block-columns is-layout-flex wp-container-core-columns-is-layout-9d6595d7 wp-block-columns-is-layout-flex\">\n<div class=\"wp-block-column is-layout-flow wp-block-column-is-layout-flow\">\n<h2 class=\"wp-block-heading theme_heading small\">Web Browser<\/h2>\n\n\n\n<p style=\"margin-bottom: 0px\">The following Web browsers are supported for Web access :<\/p>\n\n\n\n<ul class=\"wp-block-list list_dot_small\">\n<li>Google Chrome version 59\u00a0or later<\/li>\n\n\n\n<li>Microsoft Edge version 42\u00a0or later<\/li>\n\n\n\n<li>Apple Safari version 12\u00a0or later<\/li>\n<\/ul>\n<\/div>\n\n\n\n<div class=\"wp-block-column is-layout-flow wp-block-column-is-layout-flow\">\n<h2 class=\"wp-block-heading theme_heading small\">Managed Agent Version<\/h2>\n\n\n\n<ul class=\"wp-block-list list_dot_small\">\n<li>ActiveImage Protector 2022 version 6.0.0.7292 or later<\/li>\n\n\n\n<li>ActiveImage Protector 2018 Update Update Version 5.1.11.6454 or later<\/li>\n<\/ul>\n<\/div>\n<\/div>\n\n\n\n<hr class=\"wp-block-separator has-alpha-channel-opacity\"\/>\n\n\n\n<div class=\"wp-block-columns is-layout-flex wp-container-core-columns-is-layout-9d6595d7 wp-block-columns-is-layout-flex\">\n<div class=\"wp-block-column is-layout-flow wp-block-column-is-layout-flow\">\n<h2 class=\"wp-block-heading theme_heading small\">Computer Security Settings<\/h2>\n\n\n\n<p style=\"margin-bottom: 0px\">Please make sure that the settings are configured for computers as follows before starting management\/data communication :<\/p>\n\n\n\n<ul class=\"wp-block-list list_dot_small mb-3\">\n<li>Firewall Setting [Windows Management Interface (WMI)] option is enabled.<\/li>\n\n\n\n<li>Configure firewall setting for Group Policy [Allow inbound remote administration exception] option is enabled in [Network] \u2013 [Network Connection] \u2013 [Windows Firewall].<\/li>\n<\/ul>\n\n\n\n<p><\/p>\n\n\n\n<p style=\"margin-bottom: 0px\">In order to push installation \/ uninstallation \/ updating ActiveImage Protector, please make sure of the following settings :<\/p>\n\n\n\n<ul class=\"wp-block-list list_dot_small\">\n<li>Firewall Setting: Allow [File and Printer Sharing]<\/li>\n\n\n\n<li>Firewall settings are configured via Group Policy: Go to [Network] \u2013 [Network Connection] \u2013 [Windows Firewall] and enable [Allow inbound file and printer sharing exception].<\/li>\n<\/ul>\n<\/div>\n\n\n\n<div class=\"wp-block-column is-layout-flow wp-block-column-is-layout-flow\"><\/div>\n<\/div>\n\n\r\n\r\n<\/div>\r\n<\/div>\n","protected":false},"excerpt":{"rendered":"","protected":false},"author":1,"featured_media":0,"parent":141,"menu_order":0,"comment_status":"closed","ping_status":"closed","template":"template-tab.php","meta":{"advgb_blocks_editor_width":"","advgb_blocks_columns_visual_guide":"","nj_multilang_slug":"activevisor","nj_multilang_old_url":[],"footnotes":""},"class_list":["post-147","page","type-page","status-publish","hentry"],"yoast_head":"<!-- This site is optimized with the Yoast SEO plugin v27.1.1 - https:\/\/yoast.com\/product\/yoast-seo-wordpress\/ -->\n<title>ActiveVisor - Actiphy Backup &amp; DR | DACH<\/title>\n<meta name=\"robots\" content=\"index, follow, max-snippet:-1, max-image-preview:large, max-video-preview:-1\" \/>\n<link rel=\"canonical\" href=\"https:\/\/www.actiphy.com\/de-de\/produkte\/activevisor\/\" \/>\n<meta property=\"og:locale\" content=\"de_DE\" \/>\n<meta property=\"og:type\" content=\"article\" \/>\n<meta property=\"og:title\" content=\"ActiveVisor - Actiphy Backup &amp; DR | DACH\" \/>\n<meta property=\"og:url\" content=\"https:\/\/www.actiphy.com\/de-de\/produkte\/activevisor\/\" \/>\n<meta property=\"og:site_name\" content=\"Actiphy Backup &amp; DR | DACH\" \/>\n<meta property=\"article:modified_time\" content=\"2025-10-31T07:18:23+00:00\" \/>\n<meta property=\"og:image\" content=\"https:\/\/www.actiphy.com\/de-de\/wp-content\/uploads\/sites\/7\/2026\/03\/ogp_image_h.jpg\" \/>\n\t<meta property=\"og:image:width\" content=\"1200\" \/>\n\t<meta property=\"og:image:height\" content=\"630\" \/>\n\t<meta property=\"og:image:type\" content=\"image\/jpeg\" \/>\n<meta name=\"twitter:card\" content=\"summary_large_image\" \/>\n<meta name=\"twitter:label1\" content=\"Gesch\u00e4tzte Lesezeit\" \/>\n\t<meta name=\"twitter:data1\" content=\"3\u00a0Minuten\" \/>\n<script type=\"application\/ld+json\" class=\"yoast-schema-graph\">{\"@context\":\"https:\/\/schema.org\",\"@graph\":[{\"@type\":\"WebPage\",\"@id\":\"https:\/\/www.actiphy.com\/de-de\/produkte\/activevisor\/\",\"url\":\"https:\/\/www.actiphy.com\/de-de\/produkte\/activevisor\/\",\"name\":\"ActiveVisor - Actiphy Backup &amp; DR | DACH\",\"isPartOf\":{\"@id\":\"https:\/\/www.actiphy.com\/de-de\/#website\"},\"datePublished\":\"2025-08-18T04:22:09+00:00\",\"dateModified\":\"2025-10-31T07:18:23+00:00\",\"breadcrumb\":{\"@id\":\"https:\/\/www.actiphy.com\/de-de\/produkte\/activevisor\/#breadcrumb\"},\"inLanguage\":\"de\",\"potentialAction\":[{\"@type\":\"ReadAction\",\"target\":[\"https:\/\/www.actiphy.com\/de-de\/produkte\/activevisor\/\"]}]},{\"@type\":\"BreadcrumbList\",\"@id\":\"https:\/\/www.actiphy.com\/de-de\/produkte\/activevisor\/#breadcrumb\",\"itemListElement\":[{\"@type\":\"ListItem\",\"position\":1,\"name\":\"Home\",\"item\":\"https:\/\/www.actiphy.com\/de-de\/\"},{\"@type\":\"ListItem\",\"position\":2,\"name\":\"Produkte\",\"item\":\"https:\/\/www.actiphy.com\/de-de\/produkte\/\"},{\"@type\":\"ListItem\",\"position\":3,\"name\":\"ActiveVisor\"}]},{\"@type\":\"WebSite\",\"@id\":\"https:\/\/www.actiphy.com\/de-de\/#website\",\"url\":\"https:\/\/www.actiphy.com\/de-de\/\",\"name\":\"Actiphy Backup &amp; DR | DACH\",\"description\":\"Sind auch Sie DisasterReady und stellen Sie physische und virtuelle Maschinen in 5 Minuten wieder her\",\"potentialAction\":[{\"@type\":\"SearchAction\",\"target\":{\"@type\":\"EntryPoint\",\"urlTemplate\":\"https:\/\/www.actiphy.com\/de-de\/?s={search_term_string}\"},\"query-input\":{\"@type\":\"PropertyValueSpecification\",\"valueRequired\":true,\"valueName\":\"search_term_string\"}}],\"inLanguage\":\"de\"}]}<\/script>\n<!-- \/ Yoast SEO plugin. -->","yoast_head_json":{"title":"ActiveVisor - Actiphy Backup &amp; DR | DACH","robots":{"index":"index","follow":"follow","max-snippet":"max-snippet:-1","max-image-preview":"max-image-preview:large","max-video-preview":"max-video-preview:-1"},"canonical":"https:\/\/www.actiphy.com\/de-de\/produkte\/activevisor\/","og_locale":"de_DE","og_type":"article","og_title":"ActiveVisor - Actiphy Backup &amp; DR | DACH","og_url":"https:\/\/www.actiphy.com\/de-de\/produkte\/activevisor\/","og_site_name":"Actiphy Backup &amp; DR | DACH","article_modified_time":"2025-10-31T07:18:23+00:00","og_image":[{"width":1200,"height":630,"url":"https:\/\/www.actiphy.com\/de-de\/wp-content\/uploads\/sites\/7\/2026\/03\/ogp_image_h.jpg","type":"image\/jpeg"}],"twitter_card":"summary_large_image","twitter_misc":{"Gesch\u00e4tzte Lesezeit":"3\u00a0Minuten"},"schema":{"@context":"https:\/\/schema.org","@graph":[{"@type":"WebPage","@id":"https:\/\/www.actiphy.com\/de-de\/produkte\/activevisor\/","url":"https:\/\/www.actiphy.com\/de-de\/produkte\/activevisor\/","name":"ActiveVisor - Actiphy Backup &amp; DR | DACH","isPartOf":{"@id":"https:\/\/www.actiphy.com\/de-de\/#website"},"datePublished":"2025-08-18T04:22:09+00:00","dateModified":"2025-10-31T07:18:23+00:00","breadcrumb":{"@id":"https:\/\/www.actiphy.com\/de-de\/produkte\/activevisor\/#breadcrumb"},"inLanguage":"de","potentialAction":[{"@type":"ReadAction","target":["https:\/\/www.actiphy.com\/de-de\/produkte\/activevisor\/"]}]},{"@type":"BreadcrumbList","@id":"https:\/\/www.actiphy.com\/de-de\/produkte\/activevisor\/#breadcrumb","itemListElement":[{"@type":"ListItem","position":1,"name":"Home","item":"https:\/\/www.actiphy.com\/de-de\/"},{"@type":"ListItem","position":2,"name":"Produkte","item":"https:\/\/www.actiphy.com\/de-de\/produkte\/"},{"@type":"ListItem","position":3,"name":"ActiveVisor"}]},{"@type":"WebSite","@id":"https:\/\/www.actiphy.com\/de-de\/#website","url":"https:\/\/www.actiphy.com\/de-de\/","name":"Actiphy Backup &amp; DR | DACH","description":"Sind auch Sie DisasterReady und stellen Sie physische und virtuelle Maschinen in 5 Minuten wieder her","potentialAction":[{"@type":"SearchAction","target":{"@type":"EntryPoint","urlTemplate":"https:\/\/www.actiphy.com\/de-de\/?s={search_term_string}"},"query-input":{"@type":"PropertyValueSpecification","valueRequired":true,"valueName":"search_term_string"}}],"inLanguage":"de"}]}},"coauthors":[],"author_meta":{"author_link":"https:\/\/www.actiphy.com\/de-de\/author\/siteadmin\/","display_name":"siteadmin"},"relative_dates":{"created":"Posted 8\u00a0Monaten ago","modified":"Updated 6\u00a0Monaten ago"},"absolute_dates":{"created":"Posted on 18\/08\/2025","modified":"Updated on 31\/10\/2025"},"absolute_dates_time":{"created":"Posted on 18\/08\/2025 06:22","modified":"Updated on 31\/10\/2025 08:18"},"featured_img_caption":"","featured_img":false,"series_order":"","_links":{"self":[{"href":"https:\/\/www.actiphy.com\/de-de\/wp-json\/wp\/v2\/pages\/147","targetHints":{"allow":["GET"]}}],"collection":[{"href":"https:\/\/www.actiphy.com\/de-de\/wp-json\/wp\/v2\/pages"}],"about":[{"href":"https:\/\/www.actiphy.com\/de-de\/wp-json\/wp\/v2\/types\/page"}],"author":[{"embeddable":true,"href":"https:\/\/www.actiphy.com\/de-de\/wp-json\/wp\/v2\/users\/1"}],"replies":[{"embeddable":true,"href":"https:\/\/www.actiphy.com\/de-de\/wp-json\/wp\/v2\/comments?post=147"}],"version-history":[{"count":11,"href":"https:\/\/www.actiphy.com\/de-de\/wp-json\/wp\/v2\/pages\/147\/revisions"}],"predecessor-version":[{"id":1820,"href":"https:\/\/www.actiphy.com\/de-de\/wp-json\/wp\/v2\/pages\/147\/revisions\/1820"}],"up":[{"embeddable":true,"href":"https:\/\/www.actiphy.com\/de-de\/wp-json\/wp\/v2\/pages\/141"}],"wp:attachment":[{"href":"https:\/\/www.actiphy.com\/de-de\/wp-json\/wp\/v2\/media?parent=147"}],"curies":[{"name":"wp","href":"https:\/\/api.w.org\/{rel}","templated":true}]}}