{"id":1413,"date":"2025-10-01T15:22:47","date_gmt":"2025-10-01T13:22:47","guid":{"rendered":"https:\/\/www.actiphy.com\/de-de\/?page_id=1413"},"modified":"2025-10-31T08:07:22","modified_gmt":"2025-10-31T07:07:22","slug":"actiphy-imagecenter","status":"publish","type":"page","link":"https:\/\/www.actiphy.com\/de-de\/produkte\/actiphy-imagecenter\/","title":{"rendered":"Actiphy ImageCenter"},"content":{"rendered":"\n\n\n\n<div class=\"autoanchor reducible\" id=\"uebersicht\" >\n\n\n\n\r\n<div class=\"pd_y_small\">\r\n\n\n<h2 class=\"wp-block-heading theme_heading medium\">Was ist Actiphy ImageCenter\u2122?<\/h2>\n\n\n\n<p>Actiphy ImageCenter\u2122 vereint Actiphy StorageServer, einen speziell f\u00fcr ActiveImage Protector\u2122 entwickelten sicheren Speicher, mit ImageCenter, dem fortschrittlichen Tool von Actiphy zur Verwaltung von Sicherungsabbildern. Durch die Integration von Backup-Speicher und Verwaltung in eine einzige L\u00f6sung bietet Actiphy eine sichere, zentralisierte Umgebung f\u00fcr ActiveImage Protector-Backups und erm\u00f6glicht Konsolidierung, Replikation, \u00dcberpr\u00fcfung und BootCheck\u2122.<\/p>\n\n\n\n<p><\/p>\n\n\n\n<p><\/p>\n\n\r\n<\/div>\r\n\r\n\n\n<div class=\"lazyblock-summary-panels-Z2cHGYq wp-block-lazyblock-summary-panels\"><div class=\"summary_panel panel_odd_gray \">\r\n        <ul class=\"row\">\r\n            <li class=\"col-4 col-md-12 summary_panel_item\">\n<div class=\"summary_panel_inner\">\r\n        <div class=\"summary_panel_icon\" style=\"height: 94px;\">\r\n            <img decoding=\"async\" src=\"https:\/\/www.actiphy.com\/wp-content\/uploads\/sites\/3\/2020\/06\/pc_management91.png?ver=1593423621\" alt=\"Speicher- und Image-Management in einer einzigen L\u00f6sung f\u00fcr ActiveImage\u2122 Protector integrieren\"  srcset=\"https:\/\/www.actiphy.com\/wp-content\/uploads\/sites\/3\/2020\/06\/pc_management230.png?ver=1593423621 2x\">\r\n        <\/div>\r\n        <h3 class=\"summary_panel_title\">Speicher- und Image-Management in einer einzigen L\u00f6sung f\u00fcr ActiveImage\u2122 Protector integrieren<\/h3>\r\n        \n\n<p>Durch die Integration von Speicher und Verwaltung in eine einzige L\u00f6sung bietet Actiphy eine sichere, zentralisierte Umgebung f\u00fcr ActiveImage\u2122 Protector-Backups, die einen reibungslosen Betrieb und einen verbesserten Schutz vor Ransomware-Angriffen gew\u00e4hrleistet.<\/p>\n\n\n\n<p><\/p>\n\n    <\/div>\r\n    <\/li>\r\n<li class=\"col-4 col-md-12 summary_panel_item\">\n\n<div class=\"summary_panel_inner\">\r\n        <div class=\"summary_panel_icon\" style=\"height: 94px;\">\r\n            <img decoding=\"async\" src=\"https:\/\/www.actiphy.com\/wp-content\/uploads\/sites\/3\/2020\/06\/consolication2_120.png?ver=1593423591\" alt=\"Ausgelagerte Prozesse nach der Sicherung\"  srcset=\"https:\/\/www.actiphy.com\/wp-content\/uploads\/sites\/3\/2020\/06\/consolication2_230.png?ver=1593423591 2x\">\r\n        <\/div>\r\n        <h3 class=\"summary_panel_title\">Ausgelagerte Prozesse nach der Sicherung<\/h3>\r\n        \n\n<p>Die Konsolidierung, Replikation, \u00dcberpr\u00fcfung von Backup-Images und BootCheck\u2122 laufen auf einem dedizierten Server und verringern so die Belastung der Quellrechner.<\/p>\n\n    <\/div>\r\n    <\/li>\r\n<li class=\"col-4 col-md-12 summary_panel_item\">\n\n<div class=\"summary_panel_inner\">\r\n        <div class=\"summary_panel_icon\" style=\"height: 94px;\">\r\n            <img decoding=\"async\" src=\"https:\/\/www.actiphy.com\/global\/wp-content\/uploads\/sites\/8\/2025\/09\/schedule2_91.png\" alt=\"Geplante Replikations- und Konsolidierungsaufgaben automatisch ausf\u00fchren\"  srcset=\"https:\/\/www.actiphy.com\/global\/wp-content\/uploads\/sites\/8\/2025\/09\/schedule2_230.png 2x\">\r\n        <\/div>\r\n        <h3 class=\"summary_panel_title\">Geplante Replikations- und Konsolidierungsaufgaben automatisch ausf\u00fchren<\/h3>\r\n        \n\n<p>Automatisieren Sie Aufgaben nach der Sicherung auf t\u00e4glicher, w\u00f6chentlicher oder monatlicher Basis \u2013 oder f\u00fchren Sie sie je nach Umgebung sofort aus.<\/p>\n\n\n\n<p><\/p>\n\n    <\/div>\r\n    <\/li>\r\n<li class=\"col-4 col-md-12 summary_panel_item\">\n\n<div class=\"summary_panel_inner\">\r\n        <div class=\"summary_panel_icon\" style=\"height: 94px;\">\r\n            <img decoding=\"async\" src=\"https:\/\/www.actiphy.com\/global\/wp-content\/uploads\/sites\/8\/2025\/09\/easy_to_install_91.png\" alt=\"Ordnerbasiertes Backup-Management\"  srcset=\"https:\/\/www.actiphy.com\/global\/wp-content\/uploads\/sites\/8\/2025\/09\/easy_to_install_230.png 2x\">\r\n        <\/div>\r\n        <h3 class=\"summary_panel_title\">Ordnerbasiertes Backup-Management<\/h3>\r\n        \n\n<p>Konfigurieren Sie Einstellungen nach Client, Abteilung oder Organisation f\u00fcr eine optimierte Verwaltung.<\/p>\n\n\n\n<p><\/p>\n\n\n\n<p><\/p>\n\n    <\/div>\r\n    <\/li>\r\n<li class=\"col-4 col-md-12 summary_panel_item\">\n\n\n<p><\/p>\n\n\n<div class=\"summary_panel_inner\">\r\n        <div class=\"summary_panel_icon\" style=\"height: 94px;\">\r\n            <img decoding=\"async\" src=\"https:\/\/www.actiphy.com\/global\/wp-content\/uploads\/sites\/8\/2025\/09\/bootcheck91.png\" alt=\"BootCheck &amp; Konsolidierung\"  srcset=\"https:\/\/www.actiphy.com\/global\/wp-content\/uploads\/sites\/8\/2025\/09\/bootcheck230.png 2x\">\r\n        <\/div>\r\n        <h3 class=\"summary_panel_title\">BootCheck &amp; Konsolidierung<\/h3>\r\n        \n\n<p>\u00dcberpr\u00fcfen Sie die Bootf\u00e4higkeit von Images auf lokalen oder entfernten Hyper-V-Hosts. Planen Sie zeitaufwendige Aufgaben wie Konsolidierung und Replikation au\u00dferhalb der Gesch\u00e4ftszeiten, um deren Auswirkungen zu minimieren.<\/p>\n\n\n\n<p><\/p>\n\n    <\/div>\r\n    <\/li>\r\n<li class=\"col-4 col-md-12 summary_panel_item\">\n\n<div class=\"summary_panel_inner\">\r\n        <div class=\"summary_panel_icon\" style=\"height: 94px;\">\r\n            <img decoding=\"async\" src=\"https:\/\/www.actiphy.com\/global\/wp-content\/uploads\/sites\/8\/2025\/09\/destination_91.png\" alt=\"Umfassende Replikationsoptionen\"  srcset=\"https:\/\/www.actiphy.com\/global\/wp-content\/uploads\/sites\/8\/2025\/09\/destination_210.png 2x\">\r\n        <\/div>\r\n        <h3 class=\"summary_panel_title\">Umfassende Replikationsoptionen<\/h3>\r\n        \n\n<p>Replizieren Sie auf lokalen Speicher, freigegebene Ordner, SFTP, FTP, WebDAV oder Cloud-Dienste, um die Datensicherheit und Verteilung zu verbessern.<\/p>\n\n\n\n<p>\u3002<\/p>\n\n\n\n<p><\/p>\n\n\n\n<p><\/p>\n\n    <\/div>\r\n    <\/li>\r\n<li class=\"col-4 col-md-12 summary_panel_item\">\n\n<div class=\"summary_panel_inner\">\r\n        <div class=\"summary_panel_icon\" style=\"height: 94px;\">\r\n            <img decoding=\"async\" src=\"https:\/\/www.actiphy.com\/global\/wp-content\/uploads\/sites\/8\/2025\/09\/storage_server_91.png\" alt=\"Sicherer Zielspeicher, der speziell f\u00fcr ActiveImage Protector\u2122 vorgesehen ist.\"  srcset=\"https:\/\/www.actiphy.com\/global\/wp-content\/uploads\/sites\/8\/2025\/09\/storage_server_230.png 2x\">\r\n        <\/div>\r\n        <h3 class=\"summary_panel_title\">Sicherer Zielspeicher, der speziell f\u00fcr ActiveImage Protector\u2122 vorgesehen ist.<\/h3>\r\n        \n\n<p>Installieren Sie StorageServer einfach auf einem vorhandenen Windows-Rechner, und Sie k\u00f6nnen ihn als sicheren Zielspeicher f\u00fcr ActiveImage Protector\u2122 verwenden.<\/p>\n\n\n\n<p><\/p>\n\n\n\n<p><\/p>\n\n    <\/div>\r\n    <\/li>\r\n<li class=\"col-4 col-md-12 summary_panel_item\">\n\n<div class=\"summary_panel_inner\">\r\n        <div class=\"summary_panel_icon\" style=\"height: 94px;\">\r\n            <img decoding=\"async\" src=\"https:\/\/www.actiphy.com\/global\/wp-content\/uploads\/sites\/8\/2025\/09\/template_91.png\" alt=\"Erweiterte Abbildverwaltung\"  srcset=\"https:\/\/www.actiphy.com\/global\/wp-content\/uploads\/sites\/8\/2025\/09\/template_230.png 2x\">\r\n        <\/div>\r\n        <h3 class=\"summary_panel_title\">Erweiterte Abbildverwaltung<\/h3>\r\n        \n\n<p>Verwalten Sie Sicherungsdateien in StorageServer-Buckets, freigegebenen Ordnern oder Replikationszielen \u2013 selbst wenn das Ziel kein StorageServer ist.<\/p>\n\n\n\n<p><\/p>\n\n    <\/div>\r\n    <\/li>\r\n<li class=\"col-4 col-md-12 summary_panel_item\">\n\n<div class=\"summary_panel_inner\">\r\n        <div class=\"summary_panel_icon\" style=\"height: 94px;\">\r\n            <img decoding=\"async\" src=\"https:\/\/www.actiphy.com\/global\/wp-content\/uploads\/sites\/8\/2025\/09\/backup_speed_91.png\" alt=\"Hochgeschwindigkeitsprotokoll QUIC\"  srcset=\"https:\/\/www.actiphy.com\/global\/wp-content\/uploads\/sites\/8\/2025\/09\/backup_speed_230.png 2x\">\r\n        <\/div>\r\n        <h3 class=\"summary_panel_title\">Hochgeschwindigkeitsprotokoll QUIC<\/h3>\r\n        \n\n<p>Mehrere gleichzeitige QUIC-Verbindungen erm\u00f6glichen effiziente, schnelle Backup-\u00dcbertragungen.<\/p>\n\n\n\n<p><\/p>\n\n\n\n<p><\/p>\n\n    <\/div>\r\n    <\/li>\r\n        <\/ul>\r\n    <\/div><\/div>\n\n<div class=\"btn_wrap btn_center\"><a href=\"https:\/\/www.actiphy.com\/de-de\/datasheet\/actiphy_imagecenter_new\" class=\"btn btn_bg \"   target=\"_blank\"><i class=\"icon-file\"><\/i>Weitere Informationen<\/a>\r\n<\/div>\n\n<div class=\"pd_y_mini\">\r\n\r\n\r\n\r\n<\/div>\r\n\n\n<\/div>\r\n<div class=\"autoanchor reducible\" id=\"systemanforderungen\"  style=\"display: none;\" >\n\n<div data-post-id=\"1419\" class=\"insert-page insert-page-1419 \"><div class=\"pd_y_mini\">\r\n\r\n\n\n<div class=\"wp-block-columns is-layout-flex wp-container-core-columns-is-layout-9d6595d7 wp-block-columns-is-layout-flex\">\n<div class=\"wp-block-column is-layout-flow wp-block-column-is-layout-flow\">\n<h3 class=\"wp-block-heading theme_heading.small\">Hardware<\/h3>\n\n\n\n<p class=\"mb-3\"><strong>CPU\uff1a<\/strong>CPU with at least two cores is recommended.<\/p>\n\n\n\n<p class=\"mb-3\"><strong>Main Memory\uff1a<\/strong>2GB or more is required.<\/p>\n\n\n\n<p class=\"mb-3\"><strong>Hard Disk\uff1a<\/strong>200MB or more of available disk space is required.<\/p>\n\n\n\n<p><strong>\uff0dWhen creating a bucket\uff0d<\/strong><\/p>\n\n\n\n<ul class=\"wp-block-list list_dot_small mb-3\">\n<li><strong>Main Memory<\/strong>\uff1a<br>16GB or more is recommended because when data writing to a bucket is delayed, the data in wait for writing are cached to memory.<\/li>\n\n\n\n<li><strong>Hard Disk<\/strong>\uff1a<br>A separate storage is required as the destination savinig backup image files.<\/li>\n\n\n\n<li><strong>Cache Device<\/strong>\uff1a<br>You are recommended to use a cache device when the backup data amount received from ActiveImage Protector client exceeds the write speed to the storage in which a bucket is created.<\/li>\n<\/ul>\n\n\n\n<ul class=\"list_asterisk mb-3\" style=\"margin-left: 10px\"><li>The use of a device faster than the network interface used for receiving backup data enables you to suppress the decrease in the backup process speed on ActiveImage Protector client.<\/li><\/ul>\n\n\n\n<ul class=\"wp-block-list list_dot_small mb-3\">\n<li><strong>Others<\/strong>\uff1a<br>When installing the product in cloud instance, please allow the following ports in the inbound settings.<br>&#8211; UDP 58240<\/li>\n<\/ul>\n<\/div>\n\n\n\n<div class=\"wp-block-column is-layout-flow wp-block-column-is-layout-flow\">\n<h3 class=\"wp-block-heading theme_heading.small\"><strong>Operating System<\/strong><\/h3>\n\n\n\n<ul class=\"wp-block-list list_dot_small\">\n<li>Windows 10 \/ 11\uff08x64\uff09<\/li>\n<\/ul>\n\n\n\n<ul class=\"wp-block-list list_dot_small mb-3\">\n<li>Windows Server 2016 or later Windows Server OS<\/li>\n<\/ul>\n\n\n\n<ul class=\"list_asterisk mb-3\" style=\"margin-left: 10px\"><li>In the environment where a user account control feature is enabled, you will get a message prompting you to allow execution of the program. If you encounter this case, please press [Allow] and proceed with the wizard operation.<\/li><\/ul>\n\n\n\n<h3 class=\"wp-block-heading theme_heading.small\"><strong>Others<\/strong><\/h3>\n\n\n\n<ul class=\"wp-block-list list_dot_small mb-3\">\n<li>Intel\/AMD based system is supported. Intel Itanium (IA-64) based system is not supported.<\/li>\n\n\n\n<li>Only Replication supports Version 302 Image files created by using ActiveImage Protector Version 7.5.x or earlier and password is set.<\/li>\n<\/ul>\n<\/div>\n<\/div>\n\n\r\n\r\n<\/div>\r\n\n\n\n<p><\/p>\n<\/div>\n","protected":false},"excerpt":{"rendered":"","protected":false},"author":19,"featured_media":0,"parent":141,"menu_order":0,"comment_status":"closed","ping_status":"closed","template":"template-tab.php","meta":{"advgb_blocks_editor_width":"","advgb_blocks_columns_visual_guide":"","nj_multilang_slug":"","nj_multilang_old_url":[],"footnotes":""},"class_list":["post-1413","page","type-page","status-publish","hentry"],"yoast_head":"<!-- This site is optimized with the Yoast SEO plugin v27.1.1 - https:\/\/yoast.com\/product\/yoast-seo-wordpress\/ -->\n<title>Actiphy ImageCenter - Actiphy Backup &amp; DR | DACH<\/title>\n<meta name=\"robots\" content=\"index, follow, max-snippet:-1, max-image-preview:large, max-video-preview:-1\" \/>\n<link rel=\"canonical\" href=\"https:\/\/www.actiphy.com\/de-de\/produkte\/actiphy-imagecenter\/\" \/>\n<meta property=\"og:locale\" content=\"de_DE\" \/>\n<meta property=\"og:type\" content=\"article\" \/>\n<meta property=\"og:title\" content=\"Actiphy ImageCenter - Actiphy Backup &amp; DR | DACH\" \/>\n<meta property=\"og:url\" content=\"https:\/\/www.actiphy.com\/de-de\/produkte\/actiphy-imagecenter\/\" \/>\n<meta property=\"og:site_name\" content=\"Actiphy Backup &amp; DR | DACH\" \/>\n<meta property=\"article:modified_time\" content=\"2025-10-31T07:07:22+00:00\" \/>\n<meta property=\"og:image\" content=\"https:\/\/www.actiphy.com\/de-de\/wp-content\/uploads\/sites\/7\/2026\/03\/ogp_image_h.jpg\" \/>\n\t<meta property=\"og:image:width\" content=\"1200\" \/>\n\t<meta property=\"og:image:height\" content=\"630\" \/>\n\t<meta property=\"og:image:type\" content=\"image\/jpeg\" \/>\n<meta name=\"twitter:card\" content=\"summary_large_image\" \/>\n<meta name=\"twitter:label1\" content=\"Gesch\u00e4tzte Lesezeit\" \/>\n\t<meta name=\"twitter:data1\" content=\"2\u00a0Minuten\" \/>\n<script type=\"application\/ld+json\" class=\"yoast-schema-graph\">{\"@context\":\"https:\/\/schema.org\",\"@graph\":[{\"@type\":\"WebPage\",\"@id\":\"https:\/\/www.actiphy.com\/de-de\/produkte\/actiphy-imagecenter\/\",\"url\":\"https:\/\/www.actiphy.com\/de-de\/produkte\/actiphy-imagecenter\/\",\"name\":\"Actiphy ImageCenter - Actiphy Backup &amp; DR | DACH\",\"isPartOf\":{\"@id\":\"https:\/\/www.actiphy.com\/de-de\/#website\"},\"datePublished\":\"2025-10-01T13:22:47+00:00\",\"dateModified\":\"2025-10-31T07:07:22+00:00\",\"breadcrumb\":{\"@id\":\"https:\/\/www.actiphy.com\/de-de\/produkte\/actiphy-imagecenter\/#breadcrumb\"},\"inLanguage\":\"de\",\"potentialAction\":[{\"@type\":\"ReadAction\",\"target\":[\"https:\/\/www.actiphy.com\/de-de\/produkte\/actiphy-imagecenter\/\"]}]},{\"@type\":\"BreadcrumbList\",\"@id\":\"https:\/\/www.actiphy.com\/de-de\/produkte\/actiphy-imagecenter\/#breadcrumb\",\"itemListElement\":[{\"@type\":\"ListItem\",\"position\":1,\"name\":\"Home\",\"item\":\"https:\/\/www.actiphy.com\/de-de\/\"},{\"@type\":\"ListItem\",\"position\":2,\"name\":\"Produkte\",\"item\":\"https:\/\/www.actiphy.com\/de-de\/produkte\/\"},{\"@type\":\"ListItem\",\"position\":3,\"name\":\"Actiphy ImageCenter\"}]},{\"@type\":\"WebSite\",\"@id\":\"https:\/\/www.actiphy.com\/de-de\/#website\",\"url\":\"https:\/\/www.actiphy.com\/de-de\/\",\"name\":\"Actiphy Backup &amp; DR | DACH\",\"description\":\"Sind auch Sie DisasterReady und stellen Sie physische und virtuelle Maschinen in 5 Minuten wieder her\",\"potentialAction\":[{\"@type\":\"SearchAction\",\"target\":{\"@type\":\"EntryPoint\",\"urlTemplate\":\"https:\/\/www.actiphy.com\/de-de\/?s={search_term_string}\"},\"query-input\":{\"@type\":\"PropertyValueSpecification\",\"valueRequired\":true,\"valueName\":\"search_term_string\"}}],\"inLanguage\":\"de\"}]}<\/script>\n<!-- \/ Yoast SEO plugin. -->","yoast_head_json":{"title":"Actiphy ImageCenter - Actiphy Backup &amp; DR | DACH","robots":{"index":"index","follow":"follow","max-snippet":"max-snippet:-1","max-image-preview":"max-image-preview:large","max-video-preview":"max-video-preview:-1"},"canonical":"https:\/\/www.actiphy.com\/de-de\/produkte\/actiphy-imagecenter\/","og_locale":"de_DE","og_type":"article","og_title":"Actiphy ImageCenter - Actiphy Backup &amp; DR | DACH","og_url":"https:\/\/www.actiphy.com\/de-de\/produkte\/actiphy-imagecenter\/","og_site_name":"Actiphy Backup &amp; DR | DACH","article_modified_time":"2025-10-31T07:07:22+00:00","og_image":[{"width":1200,"height":630,"url":"https:\/\/www.actiphy.com\/de-de\/wp-content\/uploads\/sites\/7\/2026\/03\/ogp_image_h.jpg","type":"image\/jpeg"}],"twitter_card":"summary_large_image","twitter_misc":{"Gesch\u00e4tzte Lesezeit":"2\u00a0Minuten"},"schema":{"@context":"https:\/\/schema.org","@graph":[{"@type":"WebPage","@id":"https:\/\/www.actiphy.com\/de-de\/produkte\/actiphy-imagecenter\/","url":"https:\/\/www.actiphy.com\/de-de\/produkte\/actiphy-imagecenter\/","name":"Actiphy ImageCenter - Actiphy Backup &amp; DR | DACH","isPartOf":{"@id":"https:\/\/www.actiphy.com\/de-de\/#website"},"datePublished":"2025-10-01T13:22:47+00:00","dateModified":"2025-10-31T07:07:22+00:00","breadcrumb":{"@id":"https:\/\/www.actiphy.com\/de-de\/produkte\/actiphy-imagecenter\/#breadcrumb"},"inLanguage":"de","potentialAction":[{"@type":"ReadAction","target":["https:\/\/www.actiphy.com\/de-de\/produkte\/actiphy-imagecenter\/"]}]},{"@type":"BreadcrumbList","@id":"https:\/\/www.actiphy.com\/de-de\/produkte\/actiphy-imagecenter\/#breadcrumb","itemListElement":[{"@type":"ListItem","position":1,"name":"Home","item":"https:\/\/www.actiphy.com\/de-de\/"},{"@type":"ListItem","position":2,"name":"Produkte","item":"https:\/\/www.actiphy.com\/de-de\/produkte\/"},{"@type":"ListItem","position":3,"name":"Actiphy ImageCenter"}]},{"@type":"WebSite","@id":"https:\/\/www.actiphy.com\/de-de\/#website","url":"https:\/\/www.actiphy.com\/de-de\/","name":"Actiphy Backup &amp; DR | DACH","description":"Sind auch Sie DisasterReady und stellen Sie physische und virtuelle Maschinen in 5 Minuten wieder her","potentialAction":[{"@type":"SearchAction","target":{"@type":"EntryPoint","urlTemplate":"https:\/\/www.actiphy.com\/de-de\/?s={search_term_string}"},"query-input":{"@type":"PropertyValueSpecification","valueRequired":true,"valueName":"search_term_string"}}],"inLanguage":"de"}]}},"coauthors":[],"author_meta":{"author_link":"https:\/\/www.actiphy.com\/de-de\/author\/ccathala\/","display_name":"ccathala"},"relative_dates":{"created":"Posted 7\u00a0Monaten ago","modified":"Updated 6\u00a0Monaten ago"},"absolute_dates":{"created":"Posted on 01\/10\/2025","modified":"Updated on 31\/10\/2025"},"absolute_dates_time":{"created":"Posted on 01\/10\/2025 15:22","modified":"Updated on 31\/10\/2025 08:07"},"featured_img_caption":"","featured_img":false,"series_order":"","_links":{"self":[{"href":"https:\/\/www.actiphy.com\/de-de\/wp-json\/wp\/v2\/pages\/1413","targetHints":{"allow":["GET"]}}],"collection":[{"href":"https:\/\/www.actiphy.com\/de-de\/wp-json\/wp\/v2\/pages"}],"about":[{"href":"https:\/\/www.actiphy.com\/de-de\/wp-json\/wp\/v2\/types\/page"}],"author":[{"embeddable":true,"href":"https:\/\/www.actiphy.com\/de-de\/wp-json\/wp\/v2\/users\/19"}],"replies":[{"embeddable":true,"href":"https:\/\/www.actiphy.com\/de-de\/wp-json\/wp\/v2\/comments?post=1413"}],"version-history":[{"count":5,"href":"https:\/\/www.actiphy.com\/de-de\/wp-json\/wp\/v2\/pages\/1413\/revisions"}],"predecessor-version":[{"id":1816,"href":"https:\/\/www.actiphy.com\/de-de\/wp-json\/wp\/v2\/pages\/1413\/revisions\/1816"}],"up":[{"embeddable":true,"href":"https:\/\/www.actiphy.com\/de-de\/wp-json\/wp\/v2\/pages\/141"}],"wp:attachment":[{"href":"https:\/\/www.actiphy.com\/de-de\/wp-json\/wp\/v2\/media?parent=1413"}],"curies":[{"name":"wp","href":"https:\/\/api.w.org\/{rel}","templated":true}]}}