{"id":141,"date":"2025-08-31T18:22:48","date_gmt":"2025-08-31T16:22:48","guid":{"rendered":"https:\/\/www.actiphy.com\/de-de\/products\/"},"modified":"2025-10-24T17:47:20","modified_gmt":"2025-10-24T15:47:20","slug":"produkte","status":"publish","type":"page","link":"https:\/\/www.actiphy.com\/de-de\/produkte\/","title":{"rendered":"Produkte"},"content":{"rendered":"\n\n\n\n\n\n<div class=\"autoanchor reducible\" id=\"top\" >\n\n<div class=\"btn_wrap btn_center\"><a href=\"https:\/\/www.actiphy.com\/de-de\/wp-content\/uploads\/sites\/7\/2025\/10\/actiphy_activeImage_protector_product_edition_selection_flowchart_DE_for_emea_240219.pdf\" class=\"btn btn_blue btn_variable\"   target=\"_blank\"><i class=\"icon-file\"><\/i>Welches Produkt ist das richtige f\u00fcr mich?<\/a>\r\n<\/div>\n\n<div class=\"trait-container\" id=\"traits_1_container\"><div class=\"trait-labels\">\r\n<\/div>\r\n<div class=\"trait_targets\"><div class=\"row\">\r\n\n\n\n\r\n<\/div><div class=\"row trait_header\"><hr \/>\r\n\n\n<h2 class=\"theme_heading small\" style=\"margin-left:20px;\">ActiveImage Protector<\/h2>\n\n\r\n<\/div><div class=\"row\">\r\n\r\n\n\n<div class=\"trait_target col-sm-4 \" \/><a href=\"https:\/\/www.actiphy.com\/de-de\/produkte\/activeimage-protector-server\/\">\n\n<p class=\"has-text-align-center\"><strong>Server<\/strong><\/p>\n\n\n<div class=\"wp-block-image\">\n<figure class=\"aligncenter size-large is-resized\"><img decoding=\"async\" src=\"https:\/\/www.actiphy.com\/de-de\/wp-content\/uploads\/sites\/7\/2025\/10\/aip_box_SE_german.png\" alt=\"\" class=\"wp-image-13115\" style=\"width:100px\"\/><\/figure><\/div>\n<\/a><ul class=\"trait_lists\"><li class=\"trait_item trait_physical trait_virtual\">Sowohl physische als auch virtuelle Windows-Server werden unterst\u00fctzt.<\/li><\/ul><\/div>\n\n<div class=\"trait_target col-sm-4 \" \/><a href=\"https:\/\/www.actiphy.com\/de-de\/produkte\/activeimage-protector-sbs\">\n\n<p class=\"has-text-align-center\"><strong><strong>Server Windows SBS<\/strong><\/strong><\/p>\n\n\n<div class=\"wp-block-image\">\n<figure class=\"aligncenter size-full is-resized\"><img loading=\"lazy\" decoding=\"async\" width=\"545\" height=\"686\" src=\"https:\/\/www.actiphy.com\/de-de\/wp-content\/uploads\/sites\/7\/2025\/10\/aip_box_server_win_sbs_german.png\" alt=\"\" class=\"wp-image-1468\" style=\"width:100px\" srcset=\"https:\/\/www.actiphy.com\/de-de\/wp-content\/uploads\/sites\/7\/2025\/10\/aip_box_server_win_sbs_german.png 545w, https:\/\/www.actiphy.com\/de-de\/wp-content\/uploads\/sites\/7\/2025\/10\/aip_box_server_win_sbs_german-238x300.png 238w\" sizes=\"auto, (max-width: 545px) 100vw, 545px\" \/><\/figure><\/div>\n<\/a><ul class=\"trait_lists\"><li class=\"trait_item trait_server trait_windows trait_sbs\">Sowohl physische als auch virtuelle Windows-SBS-Server werden unterst\u00fctzt.<\/li><\/ul><\/div>\n\n<div class=\"trait_target col-sm-4 \" \/><a href=\"https:\/\/www.actiphy.com\/de-de\/produkte\/activeimage-protector-desktop\">\n\n<p class=\"has-text-align-center\"><strong>Desktop<\/strong><\/p>\n\n\n<div class=\"wp-block-image\">\n<figure class=\"aligncenter size-full is-resized\"><img loading=\"lazy\" decoding=\"async\" width=\"545\" height=\"677\" src=\"https:\/\/www.actiphy.com\/de-de\/wp-content\/uploads\/sites\/7\/2025\/10\/aip_box_DE_german.png\" alt=\"Desktop\" class=\"wp-image-1488\" style=\"width:100px\" srcset=\"https:\/\/www.actiphy.com\/de-de\/wp-content\/uploads\/sites\/7\/2025\/10\/aip_box_DE_german.png 545w, https:\/\/www.actiphy.com\/de-de\/wp-content\/uploads\/sites\/7\/2025\/10\/aip_box_DE_german-242x300.png 242w\" sizes=\"auto, (max-width: 545px) 100vw, 545px\" \/><\/figure><\/div>\n<\/a><ul class=\"trait_lists\"><li class=\"trait_item trait_physical\">Sowohl physische als auch virtuelle Windows-PCs werden unterst\u00fctzt.<\/li><\/ul><\/div>\n\n<div class=\"trait_target col-sm-4 \" \/><a href=\"https:\/\/www.actiphy.com\/de-de\/produkte\/activeimage-protector-linux\">\n\n<p class=\"has-text-align-center\"><strong>Linux<\/strong><\/p>\n\n\n<div class=\"wp-block-image\">\n<figure class=\"aligncenter size-full is-resized\"><img loading=\"lazy\" decoding=\"async\" width=\"545\" height=\"678\" src=\"https:\/\/www.actiphy.com\/de-de\/wp-content\/uploads\/sites\/7\/2025\/10\/aip_box_LE_german.png\" alt=\"\" class=\"wp-image-1466\" style=\"width:100px\" srcset=\"https:\/\/www.actiphy.com\/de-de\/wp-content\/uploads\/sites\/7\/2025\/10\/aip_box_LE_german.png 545w, https:\/\/www.actiphy.com\/de-de\/wp-content\/uploads\/sites\/7\/2025\/10\/aip_box_LE_german-241x300.png 241w\" sizes=\"auto, (max-width: 545px) 100vw, 545px\" \/><\/figure><\/div>\n<\/a><ul class=\"trait_lists\"><li class=\"trait_item trait_physical\">Sowohl physische als auch virtuelle Linux-Server werden unterst\u00fctzt.<\/li><\/ul><\/div>\n\n<div class=\"trait_target col-sm-4 \" \/><a href=\"https:\/\/www.actiphy.com\/de-de\/produkte\/activeimage-protector-virtual\">\n\n<p class=\"has-text-align-center\"><strong>Virual<\/strong><\/p>\n\n\n<div class=\"wp-block-image\">\n<figure class=\"aligncenter size-full is-resized\"><img loading=\"lazy\" decoding=\"async\" width=\"545\" height=\"674\" src=\"https:\/\/www.actiphy.com\/de-de\/wp-content\/uploads\/sites\/7\/2025\/10\/aip_box_VE_german.png\" alt=\"\" class=\"wp-image-1470\" style=\"width:100px\" srcset=\"https:\/\/www.actiphy.com\/de-de\/wp-content\/uploads\/sites\/7\/2025\/10\/aip_box_VE_german.png 545w, https:\/\/www.actiphy.com\/de-de\/wp-content\/uploads\/sites\/7\/2025\/10\/aip_box_VE_german-243x300.png 243w\" sizes=\"auto, (max-width: 545px) 100vw, 545px\" \/><\/figure><\/div>\n<\/a><ul class=\"trait_lists\"><li class=\"trait_item trait_virtual\">Virtuelle Maschinen, die auf einem Hypervisor in lokalen Umgebungen konfiguriert sind, werden unterst\u00fctzt.<\/li><\/ul><\/div>\n\n<div class=\"trait_target col-sm-4 \" \/><a href=\"https:\/\/www.actiphy.com\/de-de\/produkte\/activeimage-protector-server-vpack\">\n\n<p class=\"has-text-align-center\"><strong>Server vPack<\/strong><\/p>\n\n\n<div class=\"wp-block-image\">\n<figure class=\"aligncenter size-full is-resized\"><img loading=\"lazy\" decoding=\"async\" width=\"545\" height=\"680\" src=\"https:\/\/www.actiphy.com\/de-de\/wp-content\/uploads\/sites\/7\/2025\/10\/aip_box_Sv_german.png\" alt=\"\" class=\"wp-image-1469\" style=\"width:100px\" srcset=\"https:\/\/www.actiphy.com\/de-de\/wp-content\/uploads\/sites\/7\/2025\/10\/aip_box_Sv_german.png 545w, https:\/\/www.actiphy.com\/de-de\/wp-content\/uploads\/sites\/7\/2025\/10\/aip_box_Sv_german-240x300.png 240w\" sizes=\"auto, (max-width: 545px) 100vw, 545px\" \/><\/figure><\/div>\n<\/a><ul class=\"trait_lists\"><li class=\"trait_item trait_server trait_vpack\">Es werden sowohl virtuelle Maschinen in lokalen Umgebungen als auch in Cloud-Umgebungen unterst\u00fctzt.<\/li><\/ul><\/div>\n\n<div class=\"trait_target col-sm-4 \" \/><a href=\"https:\/\/www.actiphy.com\/de-de\/produkte\/activeimage-protector-hyperagent\">\n\n<p class=\"has-text-align-center\"><strong><strong>HyperAgent Enterprise<\/strong><\/strong><\/p>\n\n\n<div class=\"wp-block-image\">\n<figure class=\"aligncenter size-full is-resized\"><img loading=\"lazy\" decoding=\"async\" width=\"545\" height=\"686\" src=\"https:\/\/www.actiphy.com\/de-de\/wp-content\/uploads\/sites\/7\/2025\/10\/aip_box_hyperagent_ent_german.png\" alt=\"\" class=\"wp-image-1464\" style=\"width:100px\" srcset=\"https:\/\/www.actiphy.com\/de-de\/wp-content\/uploads\/sites\/7\/2025\/10\/aip_box_hyperagent_ent_german.png 545w, https:\/\/www.actiphy.com\/de-de\/wp-content\/uploads\/sites\/7\/2025\/10\/aip_box_hyperagent_ent_german-238x300.png 238w\" sizes=\"auto, (max-width: 545px) 100vw, 545px\" \/><\/figure><\/div>\n<\/a><ul class=\"trait_lists\"><li class=\"trait_item trait_hyperagent trait_enterprise\">Bietet HyperAgent\u2122 (HyperBack\u2122), eine agentenlose Backup-Funktion, mit der eine auf VMware vSphere oder Microsoft Hyper-V konfigurierte virtuelle Maschine ausgew\u00e4hlt und gesichert werden kann.<\/li><\/ul><\/div>\n\n<div class=\"trait_target col-sm-4 \" \/><a href=\"https:\/\/www.actiphy.com\/de-de\/produkte\/activeimage-protector-it-pro\">\n\n<p class=\"has-text-align-center\"><strong><strong>IT Pro<\/strong><\/strong><\/p>\n\n\n<div class=\"wp-block-image\">\n<figure class=\"aligncenter size-full is-resized\"><img loading=\"lazy\" decoding=\"async\" width=\"545\" height=\"684\" src=\"https:\/\/www.actiphy.com\/de-de\/wp-content\/uploads\/sites\/7\/2025\/10\/aip_box_ITE_german.png\" alt=\"\" class=\"wp-image-1489\" style=\"width:100px\" srcset=\"https:\/\/www.actiphy.com\/de-de\/wp-content\/uploads\/sites\/7\/2025\/10\/aip_box_ITE_german.png 545w, https:\/\/www.actiphy.com\/de-de\/wp-content\/uploads\/sites\/7\/2025\/10\/aip_box_ITE_german-239x300.png 239w\" sizes=\"auto, (max-width: 545px) 100vw, 545px\" \/><\/figure><\/div>\n<\/a><ul class=\"trait_lists\"><li class=\"trait_item trait_it trait_pro\">Ein einzelner IT-Techniker ist f\u00fcr ein Jahr berechtigt, unbegrenzt Backups auf virtuellen oder physischen Servern und Desktop-PCs durchzuf\u00fchren.<\/li><\/ul><\/div>\n\n<\/div>\r\n<div class=\"autoanchor reducible\" id=\"utility\" >\n\n\r\n<\/div><div class=\"row trait_header\"><hr \/>\r\n\n\n<h2 class=\"theme_heading small\" style=\"margin-left:20px;\">ActiveImage Protector Verwandte Produkte<\/h2>\n\n\r\n<\/div><div class=\"row\">\r\n\r\n\n\n<div class=\"trait_target col-sm-4 \" \/><a href=\"https:\/\/www.actiphy.com\/de-de\/produkte\/actiphy-imagecenter\">\n\n<p class=\"has-text-align-center\"><strong>Actiphy ImageCenter<\/strong><\/p>\n\n\n<div class=\"wp-block-image\">\n<figure class=\"aligncenter size-full is-resized\"><img loading=\"lazy\" decoding=\"async\" width=\"900\" height=\"245\" src=\"https:\/\/www.actiphy.com\/de-de\/wp-content\/uploads\/sites\/7\/2025\/10\/actiphy_imagecenter_logo_web.png\" alt=\"\" class=\"wp-image-1518\" style=\"width:300px\" srcset=\"https:\/\/www.actiphy.com\/de-de\/wp-content\/uploads\/sites\/7\/2025\/10\/actiphy_imagecenter_logo_web.png 900w, https:\/\/www.actiphy.com\/de-de\/wp-content\/uploads\/sites\/7\/2025\/10\/actiphy_imagecenter_logo_web-300x82.png 300w, https:\/\/www.actiphy.com\/de-de\/wp-content\/uploads\/sites\/7\/2025\/10\/actiphy_imagecenter_logo_web-768x209.png 768w\" sizes=\"auto, (max-width: 900px) 100vw, 900px\" \/><\/figure><\/div>\n<\/a><ul class=\"trait_lists\"><li class=\"trait_item trait_utility\">Eine sichere, zentralisierte L\u00f6sung f\u00fcr Backup-Management und -Speicherung f\u00fcr ActiveImage Protector<\/li><\/ul><\/div>\n\n<div class=\"trait_target col-sm-4 \" \/><a href=\"https:\/\/www.actiphy.com\/de-de\/produkte\/hyperboot\">\n\n<p class=\"has-text-align-center\"><strong>HyperBoot<\/strong><\/p>\n\n\n<div class=\"wp-block-image\">\n<figure class=\"aligncenter size-full is-resized\"><img loading=\"lazy\" decoding=\"async\" width=\"914\" height=\"243\" src=\"https:\/\/www.actiphy.com\/de-de\/wp-content\/uploads\/sites\/7\/2025\/10\/HyperBoot_logo_web.png\" alt=\"\" class=\"wp-image-1517\" style=\"width:300px\" srcset=\"https:\/\/www.actiphy.com\/de-de\/wp-content\/uploads\/sites\/7\/2025\/10\/HyperBoot_logo_web.png 914w, https:\/\/www.actiphy.com\/de-de\/wp-content\/uploads\/sites\/7\/2025\/10\/HyperBoot_logo_web-300x80.png 300w, https:\/\/www.actiphy.com\/de-de\/wp-content\/uploads\/sites\/7\/2025\/10\/HyperBoot_logo_web-768x204.png 768w\" sizes=\"auto, (max-width: 914px) 100vw, 914px\" \/><\/figure><\/div>\n<\/a><ul class=\"trait_lists\"><li class=\"trait_item trait_utility\">Die HyperBoot-VM kann als \u201eReserverad\u201c dienen, w\u00e4hrend Hardware repariert, Software\u00e4nderungen getestet oder Upgrades vor der Bereitstellung gepr\u00fcft werden.<\/li><\/ul><\/div>\n\n<div class=\"trait_target col-sm-4 \" \/><a href=\"https:\/\/www.actiphy.com\/de-de\/produkte\/activevisor\">\n\n<p class=\"has-text-align-center\"><strong>ActiveVisor<\/strong><\/p>\n\n\n<div class=\"wp-block-image\">\n<figure class=\"aligncenter size-full is-resized\"><img loading=\"lazy\" decoding=\"async\" width=\"914\" height=\"243\" src=\"https:\/\/www.actiphy.com\/de-de\/wp-content\/uploads\/sites\/7\/2025\/10\/activevisor_color_logo_web.png\" alt=\"\" class=\"wp-image-1516\" style=\"width:300px\" srcset=\"https:\/\/www.actiphy.com\/de-de\/wp-content\/uploads\/sites\/7\/2025\/10\/activevisor_color_logo_web.png 914w, https:\/\/www.actiphy.com\/de-de\/wp-content\/uploads\/sites\/7\/2025\/10\/activevisor_color_logo_web-300x80.png 300w, https:\/\/www.actiphy.com\/de-de\/wp-content\/uploads\/sites\/7\/2025\/10\/activevisor_color_logo_web-768x204.png 768w\" sizes=\"auto, (max-width: 914px) 100vw, 914px\" \/><\/figure><\/div>\n<\/a><ul class=\"trait_lists\"><li class=\"trait_item trait_utility\">Bietet eine zentrale Verwaltungsoberfl\u00e4che zur Echtzeit\u00fcberwachung des Status von ActiveImage Protector Agents.<\/li><\/ul><\/div>\n<\/div><\/div><\/div>\r\n\n\n\n<div class=\"pd_y_mini\"><\/div>\n\n\n\n<p><\/p>\n","protected":false},"excerpt":{"rendered":"","protected":false},"author":1,"featured_media":0,"parent":0,"menu_order":0,"comment_status":"closed","ping_status":"closed","template":"template-tab.php","meta":{"advgb_blocks_editor_width":"","advgb_blocks_columns_visual_guide":"","nj_multilang_slug":"product","nj_multilang_old_url":[],"footnotes":""},"class_list":["post-141","page","type-page","status-publish","hentry"],"yoast_head":"<!-- This site is optimized with the Yoast SEO plugin v27.1.1 - https:\/\/yoast.com\/product\/yoast-seo-wordpress\/ -->\n<title>Produkte - Actiphy Backup &amp; DR | DACH<\/title>\n<meta name=\"robots\" content=\"index, follow, max-snippet:-1, max-image-preview:large, max-video-preview:-1\" \/>\n<link rel=\"canonical\" href=\"https:\/\/www.actiphy.com\/de-de\/produkte\/\" \/>\n<meta property=\"og:locale\" content=\"de_DE\" \/>\n<meta property=\"og:type\" content=\"article\" \/>\n<meta property=\"og:title\" content=\"Produkte - Actiphy Backup &amp; DR | DACH\" \/>\n<meta property=\"og:url\" content=\"https:\/\/www.actiphy.com\/de-de\/produkte\/\" \/>\n<meta property=\"og:site_name\" content=\"Actiphy Backup &amp; DR | DACH\" \/>\n<meta property=\"article:modified_time\" content=\"2025-10-24T15:47:20+00:00\" \/>\n<meta property=\"og:image\" content=\"https:\/\/www.actiphy.com\/de-de\/wp-content\/uploads\/sites\/7\/2026\/03\/ogp_image_h.jpg\" \/>\n\t<meta property=\"og:image:width\" content=\"1200\" \/>\n\t<meta property=\"og:image:height\" content=\"630\" \/>\n\t<meta property=\"og:image:type\" content=\"image\/jpeg\" \/>\n<meta name=\"twitter:card\" content=\"summary_large_image\" \/>\n<meta name=\"twitter:label1\" content=\"Gesch\u00e4tzte Lesezeit\" \/>\n\t<meta name=\"twitter:data1\" content=\"3\u00a0Minuten\" \/>\n<script type=\"application\/ld+json\" class=\"yoast-schema-graph\">{\"@context\":\"https:\/\/schema.org\",\"@graph\":[{\"@type\":\"WebPage\",\"@id\":\"https:\/\/www.actiphy.com\/de-de\/produkte\/\",\"url\":\"https:\/\/www.actiphy.com\/de-de\/produkte\/\",\"name\":\"Produkte - Actiphy Backup &amp; DR | DACH\",\"isPartOf\":{\"@id\":\"https:\/\/www.actiphy.com\/de-de\/#website\"},\"datePublished\":\"2025-08-31T16:22:48+00:00\",\"dateModified\":\"2025-10-24T15:47:20+00:00\",\"breadcrumb\":{\"@id\":\"https:\/\/www.actiphy.com\/de-de\/produkte\/#breadcrumb\"},\"inLanguage\":\"de\",\"potentialAction\":[{\"@type\":\"ReadAction\",\"target\":[\"https:\/\/www.actiphy.com\/de-de\/produkte\/\"]}]},{\"@type\":\"BreadcrumbList\",\"@id\":\"https:\/\/www.actiphy.com\/de-de\/produkte\/#breadcrumb\",\"itemListElement\":[{\"@type\":\"ListItem\",\"position\":1,\"name\":\"Home\",\"item\":\"https:\/\/www.actiphy.com\/de-de\/\"},{\"@type\":\"ListItem\",\"position\":2,\"name\":\"Produkte\"}]},{\"@type\":\"WebSite\",\"@id\":\"https:\/\/www.actiphy.com\/de-de\/#website\",\"url\":\"https:\/\/www.actiphy.com\/de-de\/\",\"name\":\"Actiphy Backup &amp; DR | DACH\",\"description\":\"Sind auch Sie DisasterReady und stellen Sie physische und virtuelle Maschinen in 5 Minuten wieder her\",\"potentialAction\":[{\"@type\":\"SearchAction\",\"target\":{\"@type\":\"EntryPoint\",\"urlTemplate\":\"https:\/\/www.actiphy.com\/de-de\/?s={search_term_string}\"},\"query-input\":{\"@type\":\"PropertyValueSpecification\",\"valueRequired\":true,\"valueName\":\"search_term_string\"}}],\"inLanguage\":\"de\"}]}<\/script>\n<!-- \/ Yoast SEO plugin. -->","yoast_head_json":{"title":"Produkte - Actiphy Backup &amp; DR | DACH","robots":{"index":"index","follow":"follow","max-snippet":"max-snippet:-1","max-image-preview":"max-image-preview:large","max-video-preview":"max-video-preview:-1"},"canonical":"https:\/\/www.actiphy.com\/de-de\/produkte\/","og_locale":"de_DE","og_type":"article","og_title":"Produkte - Actiphy Backup &amp; DR | DACH","og_url":"https:\/\/www.actiphy.com\/de-de\/produkte\/","og_site_name":"Actiphy Backup &amp; DR | DACH","article_modified_time":"2025-10-24T15:47:20+00:00","og_image":[{"width":1200,"height":630,"url":"https:\/\/www.actiphy.com\/de-de\/wp-content\/uploads\/sites\/7\/2026\/03\/ogp_image_h.jpg","type":"image\/jpeg"}],"twitter_card":"summary_large_image","twitter_misc":{"Gesch\u00e4tzte Lesezeit":"3\u00a0Minuten"},"schema":{"@context":"https:\/\/schema.org","@graph":[{"@type":"WebPage","@id":"https:\/\/www.actiphy.com\/de-de\/produkte\/","url":"https:\/\/www.actiphy.com\/de-de\/produkte\/","name":"Produkte - Actiphy Backup &amp; DR | DACH","isPartOf":{"@id":"https:\/\/www.actiphy.com\/de-de\/#website"},"datePublished":"2025-08-31T16:22:48+00:00","dateModified":"2025-10-24T15:47:20+00:00","breadcrumb":{"@id":"https:\/\/www.actiphy.com\/de-de\/produkte\/#breadcrumb"},"inLanguage":"de","potentialAction":[{"@type":"ReadAction","target":["https:\/\/www.actiphy.com\/de-de\/produkte\/"]}]},{"@type":"BreadcrumbList","@id":"https:\/\/www.actiphy.com\/de-de\/produkte\/#breadcrumb","itemListElement":[{"@type":"ListItem","position":1,"name":"Home","item":"https:\/\/www.actiphy.com\/de-de\/"},{"@type":"ListItem","position":2,"name":"Produkte"}]},{"@type":"WebSite","@id":"https:\/\/www.actiphy.com\/de-de\/#website","url":"https:\/\/www.actiphy.com\/de-de\/","name":"Actiphy Backup &amp; DR | DACH","description":"Sind auch Sie DisasterReady und stellen Sie physische und virtuelle Maschinen in 5 Minuten wieder her","potentialAction":[{"@type":"SearchAction","target":{"@type":"EntryPoint","urlTemplate":"https:\/\/www.actiphy.com\/de-de\/?s={search_term_string}"},"query-input":{"@type":"PropertyValueSpecification","valueRequired":true,"valueName":"search_term_string"}}],"inLanguage":"de"}]}},"coauthors":[],"author_meta":{"author_link":"https:\/\/www.actiphy.com\/de-de\/author\/siteadmin\/","display_name":"siteadmin"},"relative_dates":{"created":"Posted 8\u00a0Monaten ago","modified":"Updated 6\u00a0Monaten ago"},"absolute_dates":{"created":"Posted on 31\/08\/2025","modified":"Updated on 24\/10\/2025"},"absolute_dates_time":{"created":"Posted on 31\/08\/2025 18:22","modified":"Updated on 24\/10\/2025 17:47"},"featured_img_caption":"","featured_img":false,"series_order":"","_links":{"self":[{"href":"https:\/\/www.actiphy.com\/de-de\/wp-json\/wp\/v2\/pages\/141","targetHints":{"allow":["GET"]}}],"collection":[{"href":"https:\/\/www.actiphy.com\/de-de\/wp-json\/wp\/v2\/pages"}],"about":[{"href":"https:\/\/www.actiphy.com\/de-de\/wp-json\/wp\/v2\/types\/page"}],"author":[{"embeddable":true,"href":"https:\/\/www.actiphy.com\/de-de\/wp-json\/wp\/v2\/users\/1"}],"replies":[{"embeddable":true,"href":"https:\/\/www.actiphy.com\/de-de\/wp-json\/wp\/v2\/comments?post=141"}],"version-history":[{"count":39,"href":"https:\/\/www.actiphy.com\/de-de\/wp-json\/wp\/v2\/pages\/141\/revisions"}],"predecessor-version":[{"id":1617,"href":"https:\/\/www.actiphy.com\/de-de\/wp-json\/wp\/v2\/pages\/141\/revisions\/1617"}],"wp:attachment":[{"href":"https:\/\/www.actiphy.com\/de-de\/wp-json\/wp\/v2\/media?parent=141"}],"curies":[{"name":"wp","href":"https:\/\/api.w.org\/{rel}","templated":true}]}}