{"id":133,"date":"2025-08-15T07:06:00","date_gmt":"2025-08-15T05:06:00","guid":{"rendered":"https:\/\/www.actiphy.com\/de-de\/about-us\/message-from-the-ceo\/"},"modified":"2025-11-18T05:45:30","modified_gmt":"2025-11-18T04:45:30","slug":"mitteilung-ceo","status":"publish","type":"page","link":"https:\/\/www.actiphy.com\/de-de\/firma\/mitteilung-ceo\/","title":{"rendered":"Mitteilung des CEO"},"content":{"rendered":"\n\n\n\n\n\n<div class=\"pd_y_large\">\r\n<div class=\"theme_message\">\r\n\n\n<figure class=\"wp-block-image size-large pic pic_right\"><img decoding=\"async\" src=\"https:\/\/www.actiphy.com\/de-de\/wp-content\/uploads\/sites\/7\/2025\/11\/ceo_rofile-picture.jpg\" alt=\"ceo\" class=\"wp-image-2277\"\/><\/figure>\n\n\n\n<p>Actiphy\u2122 ist ein Anbieter von Backup-, Notfallwiederherstellungs- und Virtualisierungssoftware, die eine Grundlage f\u00fcr Gesch\u00e4ftskontinuit\u00e4t durch Datenschutz und Sicherheit bietet.<\/p>\n\n\n\n<p>Unser Unternehmen wurde 1996 mit der Vision gegr\u00fcndet, Datenschutz- und Dienstprogramml\u00f6sungen internationaler ISVs an den japanischen Markt anzupassen und einzuf\u00fchren. Da imagebasierte Backups robuster, zuverl\u00e4ssiger und effizienter als herk\u00f6mmliche Methoden sind, entwickelten wir unser Flaggschiffprodukt ActiveImage Protector\u2122 f\u00fcr Backup und Notfallwiederherstellung.<\/p>\n\n\n\n<p>Digitale Informationen sind allgegenw\u00e4rtig und im \u00dcberfluss vorhanden. Daten durchdringen sowohl den beruflichen als auch den privaten Alltag. Dennoch sind Computersysteme nach wie vor ernsthaften Risiken wie Naturkatastrophen, Hardwareausf\u00e4llen oder Ransomware-Angriffen ausgesetzt. Deshalb ist es heute wichtiger denn je, Ihre Daten zu sch\u00fctzen.<\/p>\n\n\n\n<p>Die Produktreihe ActiveImage Protector war auf dem japanischen Markt sehr erfolgreich. Nun m\u00f6chten wir bei Actiphy den Vertrieb und Verkauf unserer Produkte auf die M\u00e4rkte in Nordamerika, Europa und dem asiatisch-pazifischen Raum ausweiten.<\/p>\n\n\n\n<p>Durch das Feedback unserer Nutzer und Partner setzen wir uns kontinuierlich daf\u00fcr ein, innovative Softwarel\u00f6sungen rund um unser Ideal eines fortlaufenden Datenschutzes und einer zuverl\u00e4ssigen Systemwiederherstellung zu verbessern und weiterzuentwickeln.<\/p>\n\n\n\n<p>Jiang Guancheng<\/p>\n\n\n\n<p>President &amp; CEO<\/p>\n\n\n\n<p>Actiphy, Inc.<\/p>\n\n\n\n<p><\/p>\n\n\n\n<p><\/p>\n\n\r\n<\/div>\r\n<\/div>\r\n\n\n\n<p><\/p>\n","protected":false},"excerpt":{"rendered":"","protected":false},"author":1,"featured_media":0,"parent":66,"menu_order":0,"comment_status":"closed","ping_status":"closed","template":"template-tab.php","meta":{"advgb_blocks_editor_width":"","advgb_blocks_columns_visual_guide":"","nj_multilang_slug":"message","nj_multilang_old_url":[],"footnotes":""},"class_list":["post-133","page","type-page","status-publish","hentry"],"yoast_head":"<!-- This site is optimized with the Yoast SEO plugin v27.1.1 - https:\/\/yoast.com\/product\/yoast-seo-wordpress\/ -->\n<title>Mitteilung des CEO - Actiphy Backup &amp; DR | DACH<\/title>\n<meta name=\"robots\" content=\"index, follow, max-snippet:-1, max-image-preview:large, max-video-preview:-1\" \/>\n<link rel=\"canonical\" href=\"https:\/\/www.actiphy.com\/de-de\/firma\/mitteilung-ceo\/\" \/>\n<meta property=\"og:locale\" content=\"de_DE\" \/>\n<meta property=\"og:type\" content=\"article\" \/>\n<meta property=\"og:title\" content=\"Mitteilung des CEO - Actiphy Backup &amp; DR | DACH\" \/>\n<meta property=\"og:url\" content=\"https:\/\/www.actiphy.com\/de-de\/firma\/mitteilung-ceo\/\" \/>\n<meta property=\"og:site_name\" content=\"Actiphy Backup &amp; DR | DACH\" \/>\n<meta property=\"article:modified_time\" content=\"2025-11-18T04:45:30+00:00\" \/>\n<meta property=\"og:image\" content=\"https:\/\/www.actiphy.com\/de-de\/wp-content\/uploads\/sites\/7\/2026\/03\/ogp_image_h.jpg\" \/>\n\t<meta property=\"og:image:width\" content=\"1200\" \/>\n\t<meta property=\"og:image:height\" content=\"630\" \/>\n\t<meta property=\"og:image:type\" content=\"image\/jpeg\" \/>\n<meta name=\"twitter:card\" content=\"summary_large_image\" \/>\n<meta name=\"twitter:label1\" content=\"Gesch\u00e4tzte Lesezeit\" \/>\n\t<meta name=\"twitter:data1\" content=\"2\u00a0Minuten\" \/>\n<script type=\"application\/ld+json\" class=\"yoast-schema-graph\">{\"@context\":\"https:\/\/schema.org\",\"@graph\":[{\"@type\":\"WebPage\",\"@id\":\"https:\/\/www.actiphy.com\/de-de\/firma\/mitteilung-ceo\/\",\"url\":\"https:\/\/www.actiphy.com\/de-de\/firma\/mitteilung-ceo\/\",\"name\":\"Mitteilung des CEO - Actiphy Backup &amp; DR | DACH\",\"isPartOf\":{\"@id\":\"https:\/\/www.actiphy.com\/de-de\/#website\"},\"datePublished\":\"2025-08-15T05:06:00+00:00\",\"dateModified\":\"2025-11-18T04:45:30+00:00\",\"breadcrumb\":{\"@id\":\"https:\/\/www.actiphy.com\/de-de\/firma\/mitteilung-ceo\/#breadcrumb\"},\"inLanguage\":\"de\",\"potentialAction\":[{\"@type\":\"ReadAction\",\"target\":[\"https:\/\/www.actiphy.com\/de-de\/firma\/mitteilung-ceo\/\"]}]},{\"@type\":\"BreadcrumbList\",\"@id\":\"https:\/\/www.actiphy.com\/de-de\/firma\/mitteilung-ceo\/#breadcrumb\",\"itemListElement\":[{\"@type\":\"ListItem\",\"position\":1,\"name\":\"Home\",\"item\":\"https:\/\/www.actiphy.com\/de-de\/\"},{\"@type\":\"ListItem\",\"position\":2,\"name\":\"\u00dcber uns\",\"item\":\"https:\/\/www.actiphy.com\/de-de\/firma\/\"},{\"@type\":\"ListItem\",\"position\":3,\"name\":\"Mitteilung des CEO\"}]},{\"@type\":\"WebSite\",\"@id\":\"https:\/\/www.actiphy.com\/de-de\/#website\",\"url\":\"https:\/\/www.actiphy.com\/de-de\/\",\"name\":\"Actiphy Backup &amp; DR | DACH\",\"description\":\"Sind auch Sie DisasterReady und stellen Sie physische und virtuelle Maschinen in 5 Minuten wieder her\",\"potentialAction\":[{\"@type\":\"SearchAction\",\"target\":{\"@type\":\"EntryPoint\",\"urlTemplate\":\"https:\/\/www.actiphy.com\/de-de\/?s={search_term_string}\"},\"query-input\":{\"@type\":\"PropertyValueSpecification\",\"valueRequired\":true,\"valueName\":\"search_term_string\"}}],\"inLanguage\":\"de\"}]}<\/script>\n<!-- \/ Yoast SEO plugin. -->","yoast_head_json":{"title":"Mitteilung des CEO - Actiphy Backup &amp; DR | DACH","robots":{"index":"index","follow":"follow","max-snippet":"max-snippet:-1","max-image-preview":"max-image-preview:large","max-video-preview":"max-video-preview:-1"},"canonical":"https:\/\/www.actiphy.com\/de-de\/firma\/mitteilung-ceo\/","og_locale":"de_DE","og_type":"article","og_title":"Mitteilung des CEO - Actiphy Backup &amp; DR | DACH","og_url":"https:\/\/www.actiphy.com\/de-de\/firma\/mitteilung-ceo\/","og_site_name":"Actiphy Backup &amp; DR | DACH","article_modified_time":"2025-11-18T04:45:30+00:00","og_image":[{"width":1200,"height":630,"url":"https:\/\/www.actiphy.com\/de-de\/wp-content\/uploads\/sites\/7\/2026\/03\/ogp_image_h.jpg","type":"image\/jpeg"}],"twitter_card":"summary_large_image","twitter_misc":{"Gesch\u00e4tzte Lesezeit":"2\u00a0Minuten"},"schema":{"@context":"https:\/\/schema.org","@graph":[{"@type":"WebPage","@id":"https:\/\/www.actiphy.com\/de-de\/firma\/mitteilung-ceo\/","url":"https:\/\/www.actiphy.com\/de-de\/firma\/mitteilung-ceo\/","name":"Mitteilung des CEO - Actiphy Backup &amp; DR | DACH","isPartOf":{"@id":"https:\/\/www.actiphy.com\/de-de\/#website"},"datePublished":"2025-08-15T05:06:00+00:00","dateModified":"2025-11-18T04:45:30+00:00","breadcrumb":{"@id":"https:\/\/www.actiphy.com\/de-de\/firma\/mitteilung-ceo\/#breadcrumb"},"inLanguage":"de","potentialAction":[{"@type":"ReadAction","target":["https:\/\/www.actiphy.com\/de-de\/firma\/mitteilung-ceo\/"]}]},{"@type":"BreadcrumbList","@id":"https:\/\/www.actiphy.com\/de-de\/firma\/mitteilung-ceo\/#breadcrumb","itemListElement":[{"@type":"ListItem","position":1,"name":"Home","item":"https:\/\/www.actiphy.com\/de-de\/"},{"@type":"ListItem","position":2,"name":"\u00dcber uns","item":"https:\/\/www.actiphy.com\/de-de\/firma\/"},{"@type":"ListItem","position":3,"name":"Mitteilung des CEO"}]},{"@type":"WebSite","@id":"https:\/\/www.actiphy.com\/de-de\/#website","url":"https:\/\/www.actiphy.com\/de-de\/","name":"Actiphy Backup &amp; DR | DACH","description":"Sind auch Sie DisasterReady und stellen Sie physische und virtuelle Maschinen in 5 Minuten wieder her","potentialAction":[{"@type":"SearchAction","target":{"@type":"EntryPoint","urlTemplate":"https:\/\/www.actiphy.com\/de-de\/?s={search_term_string}"},"query-input":{"@type":"PropertyValueSpecification","valueRequired":true,"valueName":"search_term_string"}}],"inLanguage":"de"}]}},"coauthors":[],"author_meta":{"author_link":"https:\/\/www.actiphy.com\/de-de\/author\/siteadmin\/","display_name":"siteadmin"},"relative_dates":{"created":"Posted 8\u00a0Monaten ago","modified":"Updated 5\u00a0Monaten ago"},"absolute_dates":{"created":"Posted on 15\/08\/2025","modified":"Updated on 18\/11\/2025"},"absolute_dates_time":{"created":"Posted on 15\/08\/2025 07:06","modified":"Updated on 18\/11\/2025 05:45"},"featured_img_caption":"","featured_img":false,"series_order":"","_links":{"self":[{"href":"https:\/\/www.actiphy.com\/de-de\/wp-json\/wp\/v2\/pages\/133","targetHints":{"allow":["GET"]}}],"collection":[{"href":"https:\/\/www.actiphy.com\/de-de\/wp-json\/wp\/v2\/pages"}],"about":[{"href":"https:\/\/www.actiphy.com\/de-de\/wp-json\/wp\/v2\/types\/page"}],"author":[{"embeddable":true,"href":"https:\/\/www.actiphy.com\/de-de\/wp-json\/wp\/v2\/users\/1"}],"replies":[{"embeddable":true,"href":"https:\/\/www.actiphy.com\/de-de\/wp-json\/wp\/v2\/comments?post=133"}],"version-history":[{"count":4,"href":"https:\/\/www.actiphy.com\/de-de\/wp-json\/wp\/v2\/pages\/133\/revisions"}],"predecessor-version":[{"id":1857,"href":"https:\/\/www.actiphy.com\/de-de\/wp-json\/wp\/v2\/pages\/133\/revisions\/1857"}],"up":[{"embeddable":true,"href":"https:\/\/www.actiphy.com\/de-de\/wp-json\/wp\/v2\/pages\/66"}],"wp:attachment":[{"href":"https:\/\/www.actiphy.com\/de-de\/wp-json\/wp\/v2\/media?parent=133"}],"curies":[{"name":"wp","href":"https:\/\/api.w.org\/{rel}","templated":true}]}}